{"id":2526,"date":"2025-04-02T14:49:29","date_gmt":"2025-04-02T12:49:29","guid":{"rendered":"https:\/\/hotellev.tek05.com\/index.php\/product\/dvojlozkova-izba\/"},"modified":"2025-04-02T15:17:40","modified_gmt":"2025-04-02T13:17:40","slug":"dvojlozkova-izba","status":"publish","type":"product","link":"https:\/\/hotellev.tek05.com\/en\/product\/dvojlozkova-izba\/","title":{"rendered":"Apartm\u00e1n 2+1"},"content":{"rendered":"<figure><img decoding=\"async\" src=\"https:\/\/hotellev.tek05.com\/wp-content\/uploads\/2025\/04\/42799151-300x225.jpg\" alt=\"\" \/><\/figure>\n<figure><img decoding=\"async\" src=\"https:\/\/hotellev.tek05.com\/wp-content\/uploads\/2025\/04\/42799169-1-300x225.jpg\" alt=\"42799169\" \/><\/figure>\n<figure><img decoding=\"async\" src=\"https:\/\/hotellev.tek05.com\/wp-content\/uploads\/2025\/04\/42799190-300x225.jpg\" alt=\"42799190\" \/><\/figure>\n<figure><img decoding=\"async\" src=\"https:\/\/hotellev.tek05.com\/wp-content\/uploads\/2025\/04\/42799153-1-300x225.jpg\" alt=\"42799153\" \/><\/figure>\n<p>\t\t\t\t\t\t<svg aria-hidden=\"true\" viewbox=\"0 0 1000 1000\" xmlns=\"http:\/\/www.w3.org\/2000\/svg\"><path d=\"M646 125C629 125 613 133 604 142L308 442C296 454 292 471 292 487 292 504 296 521 308 533L604 854C617 867 629 875 646 875 663 875 679 871 692 858 704 846 713 829 713 812 713 796 708 779 692 767L438 487 692 225C700 217 708 204 708 187 708 171 704 154 692 142 675 129 663 125 646 125Z\"><\/path><\/svg><br \/>\n\t\t\t\t\t\t<svg aria-hidden=\"true\" viewbox=\"0 0 1000 1000\" xmlns=\"http:\/\/www.w3.org\/2000\/svg\"><path d=\"M696 533C708 521 713 504 713 487 713 471 708 454 696 446L400 146C388 133 375 125 354 125 338 125 325 129 313 142 300 154 292 171 292 187 292 204 296 221 308 233L563 492 304 771C292 783 288 800 288 817 288 833 296 850 308 863 321 871 338 875 354 875 371 875 388 867 400 854L696 533Z\"><\/path><\/svg>\t\t\t\t\t<\/p>\n<h2>Apartm\u00e1n 2+1<\/h2>\n<p>Elegantn\u00fd apartm\u00e1n 2+1 pon\u00faka ide\u00e1lne ubytovanie pre p\u00e1r, rodinu s die\u0165a\u0165om alebo troch host\u00ed, ktor\u00ed ocenia v\u00e4\u010d\u0161\u00ed priestor a komfort. S\u00fa\u010das\u0165ou apartm\u00e1nu s\u00fa dve samostatn\u00e9 sp\u00e1lne \u2013 jedna s ve\u013ekou man\u017eelskou poste\u013eou a druh\u00e1 s pohodlnou jednol\u00f4\u017ekovou poste\u013eou.<\/p>\n<p>Apartm\u00e1n disponuje s\u00fakromnou k\u00fape\u013e\u0148ou so sprchovac\u00edm k\u00fatom, kvalitn\u00fdmi uter\u00e1kmi a bezplatn\u00fdmi toaletn\u00fdmi potrebami. K vybaveniu patr\u00ed aj TV s plochou obrazovkou, minibar, \u0161atn\u00edkov\u00e1 skri\u0148a a k\u00farenie, ktor\u00e9 zabezpe\u010dia pr\u00edjemn\u00fd pobyt po\u010das cel\u00e9ho roka.<\/p>\n<ul>\n<li>\n\t\t\t\t\t\t\t<svg aria-hidden=\"true\" viewbox=\"0 0 512 512\" xmlns=\"http:\/\/www.w3.org\/2000\/svg\"><path d=\"M256 8C119 8 8 119 8 256s111 248 248 248 248-111 248-248S393 8 256 8z\"><\/path><\/svg><br \/>\n\t\t\t\t\t\t\t\t\t\tPracovn\u00fd st\u00f4l, TV s plochou obrazovkou\n\t\t\t\t\t\t\t\t\t<\/li>\n<li>\n\t\t\t\t\t\t\t<svg aria-hidden=\"true\" viewbox=\"0 0 512 512\" xmlns=\"http:\/\/www.w3.org\/2000\/svg\"><path d=\"M256 8C119 8 8 119 8 256s111 248 248 248 248-111 248-248S393 8 256 8z\"><\/path><\/svg><br \/>\n\t\t\t\t\t\t\t\t\t\tSkri\u0148a alebo \u0161atn\u00edk, Minibar\n\t\t\t\t\t\t\t\t\t<\/li>\n<li>\n\t\t\t\t\t\t\t<svg aria-hidden=\"true\" viewbox=\"0 0 512 512\" xmlns=\"http:\/\/www.w3.org\/2000\/svg\"><path d=\"M256 8C119 8 8 119 8 256s111 248 248 248 248-111 248-248S393 8 256 8z\"><\/path><\/svg><br \/>\n\t\t\t\t\t\t\t\t\t\tK\u00farenie, Telef\u00f3n\n\t\t\t\t\t\t\t\t\t<\/li>\n<li>\n\t\t\t\t\t\t\t<svg aria-hidden=\"true\" viewbox=\"0 0 512 512\" xmlns=\"http:\/\/www.w3.org\/2000\/svg\"><path d=\"M256 8C119 8 8 119 8 256s111 248 248 248 248-111 248-248S393 8 256 8z\"><\/path><\/svg><br \/>\n\t\t\t\t\t\t\t\t\t\tPoste\u013en\u00e1 bielize\u0148, Uter\u00e1ky\n\t\t\t\t\t\t\t\t\t<\/li>\n<\/ul>\n<ul>\n<li>\n\t\t\t\t\t\t\t<svg aria-hidden=\"true\" viewbox=\"0 0 512 512\" xmlns=\"http:\/\/www.w3.org\/2000\/svg\"><path d=\"M256 8C119 8 8 119 8 256s111 248 248 248 248-111 248-248S393 8 256 8z\"><\/path><\/svg><br \/>\n\t\t\t\t\t\t\t\t\t\tKapacita : 3 Osoby\n\t\t\t\t\t\t\t\t\t<\/li>\n<li>\n\t\t\t\t\t\t\t<svg aria-hidden=\"true\" viewbox=\"0 0 512 512\" xmlns=\"http:\/\/www.w3.org\/2000\/svg\"><path d=\"M256 8C119 8 8 119 8 256s111 248 248 248 248-111 248-248S393 8 256 8z\"><\/path><\/svg><br \/>\n\t\t\t\t\t\t\t\t\t\tVe\u013ekos\u0165 : 25 m\u00b2\n\t\t\t\t\t\t\t\t\t<\/li>\n<li>\n\t\t\t\t\t\t\t<svg aria-hidden=\"true\" viewbox=\"0 0 512 512\" xmlns=\"http:\/\/www.w3.org\/2000\/svg\"><path d=\"M256 8C119 8 8 119 8 256s111 248 248 248 248-111 248-248S393 8 256 8z\"><\/path><\/svg><br \/>\n\t\t\t\t\t\t\t\t\t\tPoste\u013e : Dvojl\u00f4\u017ekov\u00e1 (man\u017eelsk\u00e1) + Jednol\u00f4\u017ekov\u00e1 poste\u013e\n\t\t\t\t\t\t\t\t\t<\/li>\n<li>\n\t\t\t\t\t\t\t<svg aria-hidden=\"true\" viewbox=\"0 0 512 512\" xmlns=\"http:\/\/www.w3.org\/2000\/svg\"><path d=\"M256 8C119 8 8 119 8 256s111 248 248 248 248-111 248-248S393 8 256 8z\"><\/path><\/svg><br \/>\n\t\t\t\t\t\t\t\t\t\tFaj\u010denie: \u200b Nie je povolen\u00e9\n\t\t\t\t\t\t\t\t\t<\/li>\n<\/ul>\n<p>Apartm\u00e1n je ide\u00e1lny pre dlh\u0161ie pobyty alebo pre host\u00ed, ktor\u00ed uprednost\u0148uj\u00fa viac s\u00fakromia a oddych v oddelen\u00fdch izb\u00e1ch. Nech\u00fdba ani bezplatn\u00e9 Wi-Fi pripojenie a pravideln\u00fd upratovac\u00ed servis.<\/p>\n<h3>Hotelov\u00e9 Slu\u017eby<\/h3>\n<p>Va\u0161e pohodlie je pre n\u00e1s prioritou\t\t\t\t<\/p>\n<h4><a href=\"https:\/\/hotellev.tek05.com\/index.php\/dt_room_amenity\/budenie\/\" title=\"Budenie\">Budenie<\/a><\/h4>\n<h4><a href=\"https:\/\/hotellev.tek05.com\/index.php\/dt_room_amenity\/cleaning\/\" title=\"Denn\u00e9 upratovanie\">Denn\u00e9 upratovanie<\/a><\/h4>\n<h4><a href=\"https:\/\/hotellev.tek05.com\/index.php\/dt_room_amenity\/fitness\/\" title=\"Fitness\">Fitness<\/a><\/h4>\n<h4><a href=\"https:\/\/hotellev.tek05.com\/index.php\/dt_room_amenity\/free-high-speed-wifi\/\" title=\"Free WiFi\">Free WiFi<\/a><\/h4>\n<h4><a href=\"https:\/\/hotellev.tek05.com\/index.php\/dt_room_amenity\/hotelova-kaviaren\/\" title=\"Hotelov\u00e1 kaviare\u0148\">Hotelov\u00e1 kaviare\u0148<\/a><\/h4>\n<h4><a href=\"https:\/\/hotellev.tek05.com\/index.php\/dt_room_amenity\/hotelova-restauracia\/\" title=\"Hotelov\u00e1 re\u0161taur\u00e1cia\">Hotelov\u00e1 re\u0161taur\u00e1cia<\/a><\/h4>\n<h4><a href=\"https:\/\/hotellev.tek05.com\/index.php\/dt_room_amenity\/car-parking\/\" title=\"Parkovanie\">Parkovanie<\/a><\/h4>\n<h4><a href=\"https:\/\/hotellev.tek05.com\/index.php\/dt_room_amenity\/bath\/\" title=\"S\u00fakromn\u00e1 k\u00fape\u013e\u0148a\">S\u00fakromn\u00e1 k\u00fape\u013e\u0148a<\/a><\/h4>\n<h4><a href=\"https:\/\/hotellev.tek05.com\/index.php\/dt_room_amenity\/spa-massage\/\" title=\"Wellness\">Wellness<\/a><\/h4>\n<h2>Overte si dostupnos\u0165<\/h2>\n<form name=\"roombooking-schedule-form\" method=\"post\" data-room-id=\"2525\" action=\"\"><input type=\"hidden\" name=\"room-adult-price\" value=\"0\"><input type=\"hidden\" name=\"room-children-price\" value=\"0\"><input type=\"hidden\" name=\"room_status\" value=\"1\"><input type=\"hidden\" name=\"room_price_per_night\" value=\"105\"><input type=\"hidden\" name=\"room_min_people\" value=\"2\"><br \/>\n                                <label for=\"name\">Check-in<\/label><br \/>\n                                <input type=\"text\" id=\"roomcheckin\" name=\"check_in\" value=\"2025-04-02\" required><br \/>\n                                <label for=\"name\">Check-out<\/label><br \/>\n                                <input type=\"text\" id=\"roomcheckout\" name=\"check_out\" value=\"2025-04-03\" required><br \/>\n                                <label for=\"name\">Po\u010det Izieb<\/label><br \/>\n                            <select name=\"rooms\" id=\"rooms\"><option value=\"\"><\/option><option value=\"1\"  selected='selected'>1 Room<\/option><option value=\"2\" >2 Rooms<\/option><\/select><br \/>\n                            <input name=\"quantity\" id=\"quantity\" type=\"hidden\" value=\"1\"><br \/>\n                                <label for=\"persons\">Po\u010det host\u00ed<\/label><br \/>\n                                    <input type=\"text\" name=\"guests\" value=\"\" readonly \/><br \/>\n                                        Dospel\u00ed<br \/>\n                                    <select name=\"adult\" id=\"adult\" data-singular-label=\"Dospel\u00fd\" data-plural-label=\"Dospel\u00ed\"><option value=\"1\"  selected='selected'>1<\/option><option value=\"2\" >2<\/option><option value=\"3\" >3<\/option><\/select><br \/>\n                                                Deti<br \/>\n                                                2-12 rokov<br \/>\n                                            <select name=\"children\" id=\"children\" data-singular-label=\"Child\" data-plural-label=\"Deti\"><option value=\"0\"  selected='selected'>0<\/option><option value=\"1\" >1<\/option><option value=\"2\" >2<\/option><option value=\"3\" >3<\/option><\/select><br \/>\n                                                Novorodenci<br \/>\n                                                0-2 rokov<br \/>\n                                            <select name=\"infant\" data-singular-label=\"Infant\" data-plural-label=\"Novorodenci\"><option value=\"0\"  selected='selected'>0<\/option><option value=\"1\" >1<\/option><option value=\"2\" >2<\/option><option value=\"3\" >3<\/option><\/select><br \/>\n                                            <button type=\"button\"><br \/>\n                                                Hotovo<br \/>\n                                            <\/button><br \/>\n                                    <label>Extra Services<\/label><\/p>\n<ul>\n<li>\n                                                    <label for=\"service_0\"><br \/>\n                                                        <input type=\"checkbox\" id=\"service_0\" name=\"extra_services[]\" value=\"Cleaning\" data-pack=\"free\" data-price=\"0\" checked disabled><br \/>\n                                                        Cleaning $0 \/ free<br \/>\n                                                    <\/label>\n                                                <\/li>\n<li>\n                                                    <label for=\"service_1\"><br \/>\n                                                        <input type=\"checkbox\" id=\"service_1\" name=\"extra_services[]\" value=\"Streaming Options\" data-pack=\"free\" data-price=\"0\" checked disabled><br \/>\n                                                        Streaming Options $0 \/ free<br \/>\n                                                    <\/label>\n                                                <\/li>\n<li>\n                                                    <label for=\"service_2\"><br \/>\n                                                        <input type=\"checkbox\" id=\"service_2\" name=\"extra_services[]\" value=\"Premium Toiletries\" data-pack=\"price-per-person\" data-price=\"12\"  ><br \/>\n                                                        Premium Toiletries $12\/ per person<br \/>\n                                                    <\/label>\n                                                <\/li>\n<li>\n                                                    <label for=\"service_3\"><br \/>\n                                                        <input type=\"checkbox\" id=\"service_3\" name=\"extra_services[]\" value=\"Jacuzzi\" data-pack=\"add-price\" data-price=\"5\"  ><br \/>\n                                                        Jacuzzi $5<br \/>\n                                                    <\/label>\n                                                <\/li>\n<\/ul>\n<p>                                <label>Your Price<\/label><br \/>\n                            $<br \/>\n                            \/ per room<br \/>\n                            <input type=\"hidden\" id=\"dt_room_price\" name=\"dt_room_price\" value=\"\" \/><br \/>\n                        <input name=\"add-to-cart\" id=\"add-to-cart\" type=\"hidden\" value=\"2525\"><br \/>\n                            <input name=\"roombook\" value=\"Book Your Stay\" type=\"submit\"><br \/>\n                    <input type=\"hidden\" name=\"trp-form-language\" value=\"en\"\/><\/form>\n<p>\t\t\t\t\t\u010eal\u0161ie izby v ponuke<\/p>\n<h2>Objavte \u010fal\u0161ie \u0161t\u00fdlov\u00e9 izby<\/h2>\n<p>\t\t\t\t\t<img fetchpriority=\"high\" width=\"1024\" height=\"768\" src=\"https:\/\/hotellev.tek05.com\/wp-content\/uploads\/2025\/04\/42799169.jpg\" alt=\"Apartm\u00e1n 2+1\" title=\"Apartm\u00e1n 2+1\" decoding=\"async\" srcset=\"https:\/\/hotellev.tek05.com\/wp-content\/uploads\/2025\/04\/42799169.jpg 1024w, https:\/\/hotellev.tek05.com\/wp-content\/uploads\/2025\/04\/42799169-300x225.jpg 300w, https:\/\/hotellev.tek05.com\/wp-content\/uploads\/2025\/04\/42799169-768x576.jpg 768w, https:\/\/hotellev.tek05.com\/wp-content\/uploads\/2025\/04\/42799169-1000x750.jpg 1000w\" sizes=\"(max-width: 1024px) 100vw, 1024px\" \/>&euro;105 \/ Night <\/p>\n<h4><a href=\"https:\/\/hotellev.tek05.com\/index.php\/dt_room\/apartman-21\/\" title=\"Apartm\u00e1n 2+1\">Apartm\u00e1n 2+1<\/a><\/h4>\n<p>Elegantn\u00fd apartm\u00e1n 2+1 pon\u00faka ide\u00e1lne ubytovanie pre p\u00e1r, rodinu s die\u0165a\u0165om&#8230;<\/p>\n<p>25 m\u00b23Po\u010det host\u00ed<a href=\"https:\/\/hotellev.tek05.com\/index.php\/dt_room\/apartman-21\/\" title=\"Apartm\u00e1n 2+1\">Read More<\/a><img width=\"1024\" height=\"768\" src=\"https:\/\/hotellev.tek05.com\/wp-content\/uploads\/2024\/12\/42799187.jpg\" alt=\"Dvojl\u00f4\u017ekov\u00e1 izba\" title=\"Dvojl\u00f4\u017ekov\u00e1 izba\" decoding=\"async\" srcset=\"https:\/\/hotellev.tek05.com\/wp-content\/uploads\/2024\/12\/42799187.jpg 1024w, https:\/\/hotellev.tek05.com\/wp-content\/uploads\/2024\/12\/42799187-300x225.jpg 300w, https:\/\/hotellev.tek05.com\/wp-content\/uploads\/2024\/12\/42799187-768x576.jpg 768w, https:\/\/hotellev.tek05.com\/wp-content\/uploads\/2024\/12\/42799187-1000x750.jpg 1000w\" sizes=\"(max-width: 1024px) 100vw, 1024px\" \/>&euro;79 \/ Night <\/p>\n<h4><a href=\"https:\/\/hotellev.tek05.com\/index.php\/dt_room\/dvojlozkova-izba-2\/\" title=\"Dvojl\u00f4\u017ekov\u00e1 izba\">Dvojl\u00f4\u017ekov\u00e1 izba<\/a><\/h4>\n<p>Priestrann\u00e1 dvojl\u00f4\u017ekov\u00e1 izba je ide\u00e1lnou vo\u013ebou pre p\u00e1ry, jednotlivcov h\u013eadaj\u00facich v\u00e4\u010d\u0161\u00ed&#8230;<\/p>\n<p>25 m\u00b22Po\u010det host\u00ed<a href=\"https:\/\/hotellev.tek05.com\/index.php\/dt_room\/dvojlozkova-izba-2\/\" title=\"Dvojl\u00f4\u017ekov\u00e1 izba\">Read More<\/a><img width=\"1000\" height=\"662\" src=\"https:\/\/hotellev.tek05.com\/wp-content\/uploads\/2024\/12\/izby01.jpg\" alt=\"Suita\" title=\"Suita\" decoding=\"async\" srcset=\"https:\/\/hotellev.tek05.com\/wp-content\/uploads\/2024\/12\/izby01.jpg 1000w, https:\/\/hotellev.tek05.com\/wp-content\/uploads\/2024\/12\/izby01-300x199.jpg 300w, https:\/\/hotellev.tek05.com\/wp-content\/uploads\/2024\/12\/izby01-768x508.jpg 768w\" sizes=\"(max-width: 1000px) 100vw, 1000px\" \/>&euro;40 \/ Night <\/p>\n<h4><a href=\"https:\/\/hotellev.tek05.com\/index.php\/dt_room\/luxury-suite-2\/\" title=\"Suita\">Suita<\/a><\/h4>\n<p>Cum posuere molestie purus habitant ligula taciti lacus semper, malesuada dictumst&#8230;<\/p>\n<p>220 sq.ft4Po\u010det host\u00ed8 hrs<a href=\"https:\/\/hotellev.tek05.com\/index.php\/dt_room\/luxury-suite-2\/\" title=\"Suita\">Read More<\/a><img loading=\"lazy\" width=\"1024\" height=\"768\" src=\"https:\/\/hotellev.tek05.com\/wp-content\/uploads\/2024\/12\/42799153.jpg\" alt=\"Rodinn\u00e1 Suita\" title=\"Rodinn\u00e1 Suita\" decoding=\"async\" srcset=\"https:\/\/hotellev.tek05.com\/wp-content\/uploads\/2024\/12\/42799153.jpg 1024w, https:\/\/hotellev.tek05.com\/wp-content\/uploads\/2024\/12\/42799153-300x225.jpg 300w, https:\/\/hotellev.tek05.com\/wp-content\/uploads\/2024\/12\/42799153-768x576.jpg 768w, https:\/\/hotellev.tek05.com\/wp-content\/uploads\/2024\/12\/42799153-1000x750.jpg 1000w\" sizes=\"(max-width: 1024px) 100vw, 1024px\" \/>&euro;40 \/ Night <\/p>\n<h4><a href=\"https:\/\/hotellev.tek05.com\/index.php\/dt_room\/rodinna-suita\/\" title=\"Rodinn\u00e1 Suita\">Rodinn\u00e1 Suita<\/a><\/h4>\n<p>Cum posuere molestie purus habitant ligula taciti lacus semper, malesuada dictumst&#8230;<\/p>\n<p>220 sq.ft4Po\u010det host\u00ed8 hrs<a href=\"https:\/\/hotellev.tek05.com\/index.php\/dt_room\/rodinna-suita\/\" title=\"Rodinn\u00e1 Suita\">Read More<\/a><img loading=\"lazy\" width=\"1024\" height=\"768\" src=\"https:\/\/hotellev.tek05.com\/wp-content\/uploads\/2024\/12\/42799148.jpg\" alt=\"Jednol\u00f4\u017ekov\u00e1 izba\" title=\"Jednol\u00f4\u017ekov\u00e1 izba\" decoding=\"async\" srcset=\"https:\/\/hotellev.tek05.com\/wp-content\/uploads\/2024\/12\/42799148.jpg 1024w, https:\/\/hotellev.tek05.com\/wp-content\/uploads\/2024\/12\/42799148-300x225.jpg 300w, https:\/\/hotellev.tek05.com\/wp-content\/uploads\/2024\/12\/42799148-768x576.jpg 768w, https:\/\/hotellev.tek05.com\/wp-content\/uploads\/2024\/12\/42799148-1000x750.jpg 1000w\" sizes=\"(max-width: 1024px) 100vw, 1024px\" \/>&euro;64 \/ Night <\/p>\n<h4><a href=\"https:\/\/hotellev.tek05.com\/index.php\/dt_room\/jednolozkova-izba\/\" title=\"Jednol\u00f4\u017ekov\u00e1 izba\">Jednol\u00f4\u017ekov\u00e1 izba<\/a><\/h4>\n<p>T\u00e1to \u00fatuln\u00e1 jednol\u00f4\u017ekov\u00e1 izba je ide\u00e1lnou vo\u013ebou pre jednotlivcov h\u013eadaj\u00facich pokojn\u00e9&#8230;<\/p>\n<p>18 m\u00b21Po\u010det host\u00ed<a href=\"https:\/\/hotellev.tek05.com\/index.php\/dt_room\/jednolozkova-izba\/\" title=\"Jednol\u00f4\u017ekov\u00e1 izba\">Read More<\/a><\/p>","protected":false},"excerpt":{"rendered":"<p>Apartm\u00e1n 2+1 Elegantn\u00fd apartm\u00e1n 2+1 pon\u00faka ide\u00e1lne ubytovanie pre p\u00e1r, rodinu s die\u0165a\u0165om alebo troch host\u00ed, ktor\u00ed ocenia v\u00e4\u010d\u0161\u00ed priestor a komfort. S\u00fa\u010das\u0165ou apartm\u00e1nu s\u00fa dve samostatn\u00e9 sp\u00e1lne \u2013 jedna s ve\u013ekou man\u017eelskou poste\u013eou a druh\u00e1 s pohodlnou jednol\u00f4\u017ekovou poste\u013eou. Apartm\u00e1n disponuje s\u00fakromnou k\u00fape\u013e\u0148ou so sprchovac\u00edm k\u00fatom, kvalitn\u00fdmi uter\u00e1kmi a bezplatn\u00fdmi toaletn\u00fdmi potrebami. K vybaveniu [&hellip;]<\/p>","protected":false},"featured_media":2529,"template":"","meta":[],"product_brand":[],"product_cat":[15],"product_tag":[],"class_list":{"0":"post-2526","1":"product","2":"type-product","3":"status-publish","4":"has-post-thumbnail","6":"product_cat-uncategorized","9":"instock","10":"shipping-taxable","11":"purchasable","12":"product-type-simple","13":"product-grid-view"},"_links":{"self":[{"href":"https:\/\/hotellev.tek05.com\/en\/wp-json\/wp\/v2\/product\/2526","targetHints":{"allow":["GET"]}}],"collection":[{"href":"https:\/\/hotellev.tek05.com\/en\/wp-json\/wp\/v2\/product"}],"about":[{"href":"https:\/\/hotellev.tek05.com\/en\/wp-json\/wp\/v2\/types\/product"}],"wp:featuredmedia":[{"embeddable":true,"href":"https:\/\/hotellev.tek05.com\/en\/wp-json\/wp\/v2\/media\/2529"}],"wp:attachment":[{"href":"https:\/\/hotellev.tek05.com\/en\/wp-json\/wp\/v2\/media?parent=2526"}],"wp:term":[{"taxonomy":"product_brand","embeddable":true,"href":"https:\/\/hotellev.tek05.com\/en\/wp-json\/wp\/v2\/product_brand?post=2526"},{"taxonomy":"product_cat","embeddable":true,"href":"https:\/\/hotellev.tek05.com\/en\/wp-json\/wp\/v2\/product_cat?post=2526"},{"taxonomy":"product_tag","embeddable":true,"href":"https:\/\/hotellev.tek05.com\/en\/wp-json\/wp\/v2\/product_tag?post=2526"}],"curies":[{"name":"wp","href":"https:\/\/api.w.org\/{rel}","templated":true}]}}