{"id":2449,"date":"2025-04-02T10:51:55","date_gmt":"2025-04-02T08:51:55","guid":{"rendered":"https:\/\/hotellev.tek05.com\/index.php\/product\/automaticky-koncept\/"},"modified":"2025-04-02T11:04:47","modified_gmt":"2025-04-02T09:04:47","slug":"automaticky-koncept","status":"publish","type":"product","link":"https:\/\/hotellev.tek05.com\/en\/product\/automaticky-koncept\/","title":{"rendered":"Jedno"},"content":{"rendered":"<p class=\"p1\">T\u00e1to \u00fatuln\u00e1 jednol\u00f4\u017ekov\u00e1 izba je ide\u00e1lnou vo\u013ebou pre jednotlivcov h\u013eadaj\u00facich pokojn\u00e9 a komfortn\u00e9 ubytovanie. K dispoz\u00edcii je vlastn\u00e1 k\u00fape\u013e\u0148a so sprchovac\u00edm k\u00fatom, kvalitn\u00fdmi uter\u00e1kmi a bezplatn\u00fdmi toaletn\u00fdmi potrebami.<\/p>\n<p class=\"p1\">Izba je vybaven\u00e1 pohodlnou poste\u013eou pre 1 osobu, TV s plochou obrazovkou, minibarom, \u0161atn\u00edkovou skri\u0148ou, pracovn\u00fdm stolom a k\u00faren\u00edm. Samozrejmos\u0165ou je bezplatn\u00e9 Wi-Fi pripojenie a ka\u017edodenn\u00e9 upratovanie.<\/p>\n<ul>\n<li>Dictum platea ornare torquent pellentesque<\/li>\n<li>Eleifend mi venenatis ullamcorper congue<\/li>\n<li>Nisl ligula nulla natoque velit efficitur dapi<\/li>\n<li>Nec ullamcorper nibh magnis per consect<\/li>\n<\/ul>\n<ul>\n<li>Kapacita : 1 Osoba<\/li>\n<li>Ve\u013ekos\u0165 : 18 m\u00b2<\/li>\n<li>Poste\u013e : King Size<\/li>\n<li>View : City View<\/li>\n<\/ul>\n<p>Ide\u00e1lne ubytovanie pre slu\u017eobn\u00e9 cesty, kr\u00e1tkodob\u00e9 pobyty aj individu\u00e1lnych cestovate\u013eov.<\/p>\n<h3>Room Amenities<\/h3>\n<h4><a title=\"Bath\" href=\"https:\/\/hotellev.tek05.com\/en\/dt_room_amenity\/bath\/\">Bath<\/a><\/h4>\n<h4><a title=\"Car Parking\" href=\"https:\/\/hotellev.tek05.com\/en\/dt_room_amenity\/car-parking\/\">Car Parking<\/a><\/h4>\n<h4><a title=\"Cleaning\" href=\"https:\/\/hotellev.tek05.com\/en\/dt_room_amenity\/cleaning\/\">Cleaning<\/a><\/h4>\n<h4><a title=\"Double bed\" href=\"https:\/\/hotellev.tek05.com\/en\/dt_room_amenity\/double-bed\/\">Double bed<\/a><\/h4>\n<h4><a title=\"Free High speed WiFi\" href=\"https:\/\/hotellev.tek05.com\/en\/dt_room_amenity\/free-high-speed-wifi\/\">Free High speed WiFi<\/a><\/h4>\n<h4><a title=\"Grocery Shop Near\" href=\"https:\/\/hotellev.tek05.com\/en\/dt_room_amenity\/grocery-shop-near\/\">Grocery Shop Near<\/a><\/h4>\n<h4><a title=\"Outdoor pool\" href=\"https:\/\/hotellev.tek05.com\/en\/dt_room_amenity\/outdoor-pool\/\">Outdoor pool<\/a><\/h4>\n<h4><a title=\"Pickup\" href=\"https:\/\/hotellev.tek05.com\/en\/dt_room_amenity\/pickup\/\">Pickup<\/a><\/h4>\n<h4><a title=\"Secure Cameras\" href=\"https:\/\/hotellev.tek05.com\/en\/dt_room_amenity\/secure-cameras\/\">Secure Cameras<\/a><\/h4>\n<h4><a title=\"Spa &amp; Massage\" href=\"https:\/\/hotellev.tek05.com\/en\/dt_room_amenity\/spa-massage\/\">Spa &amp; Massage<\/a><\/h4>\n<h2>Your Reservation<\/h2>\n<form method=\"post\" name=\"roombooking-schedule-form\" data-room-id=\"489\" action=\"\"><input name=\"room-adult-price\" type=\"hidden\" value=\"82\" \/><input name=\"room-children-price\" type=\"hidden\" value=\"7\" \/><input name=\"room_status\" type=\"hidden\" value=\"0\" \/><input name=\"room_price_per_night\" type=\"hidden\" value=\"82\" \/><input name=\"room_min_people\" type=\"hidden\" value=\"3\" \/><br \/>\n<label for=\"name\">Check-in<\/label><br \/>\n<input id=\"roomcheckin\" name=\"check_in\" required=\"\" type=\"text\" value=\"2025-01-30\" \/><br \/>\n<label for=\"name\">Check-out<\/label><br \/>\n<input id=\"roomcheckout\" name=\"check_out\" required=\"\" type=\"text\" value=\"2025-01-31\" \/><br \/>\n<label for=\"name\">Rooms<\/label><br \/>\n<select id=\"rooms\" name=\"rooms\"><option value=\"\"><\/option><option selected=\"selected\" value=\"1\">1 Room<\/option><option value=\"2\">2 Rooms<\/option><\/select><br \/>\n<input id=\"quantity\" name=\"quantity\" type=\"hidden\" value=\"1\" \/><br \/>\n<label for=\"persons\">Guests<\/label><br \/>\n<input name=\"guests\" readonly=\"readonly\" type=\"text\" value=\"\" \/><br \/>\nAdults<br \/>\n<select id=\"adult\" name=\"adult\" data-singular-label=\"Adult\" data-plural-label=\"Adults\"><option selected=\"selected\" value=\"1\">1<\/option><option value=\"2\">2<\/option><option value=\"3\">3<\/option><option value=\"4\">4<\/option><\/select><br \/>\nChildren<br \/>\n2-12 years old<br \/>\n<select id=\"children\" name=\"children\" data-singular-label=\"Child\" data-plural-label=\"Children\"><option selected=\"selected\" value=\"0\">0<\/option><option value=\"1\">1<\/option><option value=\"2\">2<\/option><option value=\"3\">3<\/option><option value=\"4\">4<\/option><\/select><br \/>\nInfants<br \/>\n0-2 years old<br \/>\n<select name=\"infant\" data-singular-label=\"Infant\" data-plural-label=\"Infants\"><option selected=\"selected\" value=\"0\">0<\/option><option value=\"1\">1<\/option><option value=\"2\">2<\/option><option value=\"3\">3<\/option><option value=\"4\">4<\/option><\/select><br \/>\n<button type=\"button\"><br \/>\nDone<br \/>\n<\/button><br \/>\n<label>Extra Services<\/label><\/p>\n<ul>\n<li><label for=\"service_0\"><br \/>\n<input id=\"service_0\" checked=\"checked\" disabled=\"disabled\" name=\"extra_services[]\" type=\"checkbox\" value=\"Cleaning\" data-pack=\"free\" data-price=\"0\" \/><br \/>\nCleaning $0 \/ free<br \/>\n<\/label><\/li>\n<li><label for=\"service_1\"><br \/>\n<input id=\"service_1\" checked=\"checked\" disabled=\"disabled\" name=\"extra_services[]\" type=\"checkbox\" value=\"Streaming Options\" data-pack=\"free\" data-price=\"0\" \/><br \/>\nStreaming Options $0 \/ free<br \/>\n<\/label><\/li>\n<li><label for=\"service_2\"><br \/>\n<input id=\"service_2\" name=\"extra_services[]\" type=\"checkbox\" value=\"Premium Toiletries\" data-pack=\"price-per-person\" data-price=\"12\" \/><br \/>\nPremium Toiletries $12\/ per person<br \/>\n<\/label><\/li>\n<li><label for=\"service_3\"><br \/>\n<input id=\"service_3\" name=\"extra_services[]\" type=\"checkbox\" value=\"Jacuzzi\" data-pack=\"add-price\" data-price=\"5\" \/><br \/>\nJacuzzi $5<br \/>\n<\/label><\/li>\n<\/ul>\n<p><label>Your Price<\/label><br \/>\n$<br \/>\n\/ per room<br \/>\n<input id=\"dt_room_price\" name=\"dt_room_price\" type=\"hidden\" value=\"\" \/><\/p>\n<p>Sorry, this room is currently unavailable.<\/p>\n<p><input id=\"add-to-cart\" name=\"add-to-cart\" type=\"hidden\" value=\"489\" \/><br \/>\n<input name=\"roombook\" type=\"submit\" value=\"Book Your Stay\" \/><\/p>\n<input type=\"hidden\" name=\"trp-form-language\" value=\"en\"\/><\/form>\n<p>Affordable Comfort<\/p>\n<h2>Suit &amp; Villa Rooms<\/h2>\n<p><img fetchpriority=\"high\" decoding=\"async\" title=\"Luxury Suite\" src=\"https:\/\/hotellev.tek05.com\/wp-content\/uploads\/2024\/12\/room-list-5.jpg\" sizes=\"(max-width: 1800px) 100vw, 1800px\" srcset=\"https:\/\/hotellev.tek05.com\/wp-content\/uploads\/2024\/12\/room-list-5.jpg 1800w, https:\/\/hotellev.tek05.com\/wp-content\/uploads\/2024\/12\/room-list-5-300x142.jpg 300w, https:\/\/hotellev.tek05.com\/wp-content\/uploads\/2024\/12\/room-list-5-1024x484.jpg 1024w, https:\/\/hotellev.tek05.com\/wp-content\/uploads\/2024\/12\/room-list-5-768x363.jpg 768w, https:\/\/hotellev.tek05.com\/wp-content\/uploads\/2024\/12\/room-list-5-1536x725.jpg 1536w\" alt=\"Luxury Suite\" width=\"1800\" height=\"850\" \/>$40 \/ Night<\/p>\n<h4><a title=\"Luxury Suite\" href=\"https:\/\/hotellev.tek05.com\/en\/dt_room\/luxury-suite\/\">Luxury Suite<\/a><\/h4>\n<p>Cum posuere molestie purus habitant ligula taciti lacus semper, malesuada dictumst&#8230;<\/p>\n<p>220 sq.ft4 Guests8 hrs<a title=\"Luxury Suite\" href=\"https:\/\/hotellev.tek05.com\/en\/dt_room\/luxury-suite\/\">Read More<\/a><img decoding=\"async\" title=\"Studio Apartment Green\" src=\"https:\/\/hotellev.tek05.com\/wp-content\/uploads\/2024\/12\/room-list-6.jpg\" sizes=\"(max-width: 1800px) 100vw, 1800px\" srcset=\"https:\/\/hotellev.tek05.com\/wp-content\/uploads\/2024\/12\/room-list-6.jpg 1800w, https:\/\/hotellev.tek05.com\/wp-content\/uploads\/2024\/12\/room-list-6-300x142.jpg 300w, https:\/\/hotellev.tek05.com\/wp-content\/uploads\/2024\/12\/room-list-6-1024x484.jpg 1024w, https:\/\/hotellev.tek05.com\/wp-content\/uploads\/2024\/12\/room-list-6-768x363.jpg 768w, https:\/\/hotellev.tek05.com\/wp-content\/uploads\/2024\/12\/room-list-6-1536x725.jpg 1536w\" alt=\"Studio Apartment Green\" width=\"1800\" height=\"850\" \/>$74 \/ Night<\/p>\n<h4><a title=\"Studio Apartment Green\" href=\"https:\/\/hotellev.tek05.com\/en\/dt_room\/studio-apartment-green\/\">Studio Apartment Green<\/a><\/h4>\n<p>Penatibus ad massa ultrices integer dui consequat. Proin libero ante nullam&#8230;<\/p>\n<p>618 sq.ft5 Guests8 hrs<a title=\"Studio Apartment Green\" href=\"https:\/\/hotellev.tek05.com\/en\/dt_room\/studio-apartment-green\/\">Read More<\/a><img decoding=\"async\" title=\"Double Bed Rooms\" src=\"https:\/\/hotellev.tek05.com\/wp-content\/uploads\/2024\/12\/room-list-4.jpg\" sizes=\"(max-width: 1800px) 100vw, 1800px\" srcset=\"https:\/\/hotellev.tek05.com\/wp-content\/uploads\/2024\/12\/room-list-4.jpg 1800w, https:\/\/hotellev.tek05.com\/wp-content\/uploads\/2024\/12\/room-list-4-300x142.jpg 300w, https:\/\/hotellev.tek05.com\/wp-content\/uploads\/2024\/12\/room-list-4-1024x484.jpg 1024w, https:\/\/hotellev.tek05.com\/wp-content\/uploads\/2024\/12\/room-list-4-768x363.jpg 768w, https:\/\/hotellev.tek05.com\/wp-content\/uploads\/2024\/12\/room-list-4-1536x725.jpg 1536w\" alt=\"Double Bed Rooms\" width=\"1800\" height=\"850\" \/>$44 \/ Night<\/p>\n<h4><a title=\"Double Bed Rooms\" href=\"https:\/\/hotellev.tek05.com\/en\/dt_room\/double-bed-rooms\/\">Double Bed Rooms<\/a><\/h4>\n<p>Accumsan quam lacinia convallis felis montes dolor, sit fringilla consequat.Quam aptent&#8230;<\/p>\n<p>217 sq.ft5 Guests7 hrs<a title=\"Double Bed Rooms\" href=\"https:\/\/hotellev.tek05.com\/en\/dt_room\/double-bed-rooms\/\">Read More<\/a><img loading=\"lazy\" decoding=\"async\" title=\"Luxury Suite Rooms\" src=\"https:\/\/hotellev.tek05.com\/wp-content\/uploads\/2024\/12\/room-list-1.jpg\" sizes=\"(max-width: 1800px) 100vw, 1800px\" srcset=\"https:\/\/hotellev.tek05.com\/wp-content\/uploads\/2024\/12\/room-list-1.jpg 1800w, https:\/\/hotellev.tek05.com\/wp-content\/uploads\/2024\/12\/room-list-1-300x142.jpg 300w, https:\/\/hotellev.tek05.com\/wp-content\/uploads\/2024\/12\/room-list-1-1024x484.jpg 1024w, https:\/\/hotellev.tek05.com\/wp-content\/uploads\/2024\/12\/room-list-1-768x363.jpg 768w, https:\/\/hotellev.tek05.com\/wp-content\/uploads\/2024\/12\/room-list-1-1536x725.jpg 1536w\" alt=\"Luxury Suite Rooms\" width=\"1800\" height=\"850\" \/>$63 \/ Night<\/p>\n<h4><a title=\"Luxury Suite Rooms\" href=\"https:\/\/hotellev.tek05.com\/en\/dt_room\/luxury-suite-rooms\/\">Luxury Suite Rooms<\/a><\/h4>\n<p>Amet magna aliquam amet lobortis mollis scelerisque donec venenatis. Viverra vestibulum&#8230;<\/p>\n<p>350 sq.ft5 Guests4 hrs 45 mins<a title=\"Luxury Suite Rooms\" href=\"https:\/\/hotellev.tek05.com\/en\/dt_room\/luxury-suite-rooms\/\">Read More<\/a><img loading=\"lazy\" decoding=\"async\" title=\"Suit Room With Pool\" src=\"https:\/\/hotellev.tek05.com\/wp-content\/uploads\/2024\/12\/room-list-9.jpg\" sizes=\"(max-width: 1800px) 100vw, 1800px\" srcset=\"https:\/\/hotellev.tek05.com\/wp-content\/uploads\/2024\/12\/room-list-9.jpg 1800w, https:\/\/hotellev.tek05.com\/wp-content\/uploads\/2024\/12\/room-list-9-300x142.jpg 300w, https:\/\/hotellev.tek05.com\/wp-content\/uploads\/2024\/12\/room-list-9-1024x484.jpg 1024w, https:\/\/hotellev.tek05.com\/wp-content\/uploads\/2024\/12\/room-list-9-768x363.jpg 768w, https:\/\/hotellev.tek05.com\/wp-content\/uploads\/2024\/12\/room-list-9-1536x725.jpg 1536w\" alt=\"Suit Room With Pool\" width=\"1800\" height=\"850\" \/>$43 \/ Night<\/p>\n<h4><a title=\"Suit Room With Pool\" href=\"https:\/\/hotellev.tek05.com\/en\/dt_room\/suit-room-with-pool\/\">Suit Room With Pool<\/a><\/h4>\n<p>Ultrices habitasse risus inceptos lacus sem elit turpis tempor a. Fringilla&#8230;<\/p>\n<p>700 sq.ft9 Guests9 hrs<a title=\"Suit Room With Pool\" href=\"https:\/\/hotellev.tek05.com\/en\/dt_room\/suit-room-with-pool\/\">Read More<\/a><img loading=\"lazy\" decoding=\"async\" title=\"Studio Apartment\" src=\"https:\/\/hotellev.tek05.com\/wp-content\/uploads\/2024\/12\/room-list-8.jpg\" sizes=\"(max-width: 1800px) 100vw, 1800px\" srcset=\"https:\/\/hotellev.tek05.com\/wp-content\/uploads\/2024\/12\/room-list-8.jpg 1800w, https:\/\/hotellev.tek05.com\/wp-content\/uploads\/2024\/12\/room-list-8-300x142.jpg 300w, https:\/\/hotellev.tek05.com\/wp-content\/uploads\/2024\/12\/room-list-8-1024x484.jpg 1024w, https:\/\/hotellev.tek05.com\/wp-content\/uploads\/2024\/12\/room-list-8-768x363.jpg 768w, https:\/\/hotellev.tek05.com\/wp-content\/uploads\/2024\/12\/room-list-8-1536x725.jpg 1536w\" alt=\"Studio Apartment\" width=\"1800\" height=\"850\" \/>$79 \/ Night<\/p>\n<h4><a title=\"Studio Apartment\" href=\"https:\/\/hotellev.tek05.com\/en\/dt_room\/studio-apartment\/\">Studio Apartment<\/a><\/h4>\n<p>Tincidunt duis semper commodo efficitur metus sem. Vivamus senectus turpis porttitor&#8230;<\/p>\n<p>212 sq.ft5 Guests6 hrs 45 mins<a title=\"Studio Apartment\" href=\"https:\/\/hotellev.tek05.com\/en\/dt_room\/studio-apartment\/\">Read More<\/a><\/p>","protected":false},"excerpt":{"rendered":"<p>T\u00e1to \u00fatuln\u00e1 jednol\u00f4\u017ekov\u00e1 izba je ide\u00e1lnou vo\u013ebou pre jednotlivcov h\u013eadaj\u00facich pokojn\u00e9 a komfortn\u00e9 ubytovanie. K dispoz\u00edcii je vlastn\u00e1 k\u00fape\u013e\u0148a so sprchovac\u00edm k\u00fatom, kvalitn\u00fdmi uter\u00e1kmi a bezplatn\u00fdmi toaletn\u00fdmi potrebami. Izba je vybaven\u00e1 pohodlnou poste\u013eou pre 1 osobu, TV s plochou obrazovkou, minibarom, \u0161atn\u00edkovou skri\u0148ou, pracovn\u00fdm stolom a k\u00faren\u00edm. Samozrejmos\u0165ou je bezplatn\u00e9 Wi-Fi pripojenie a ka\u017edodenn\u00e9 upratovanie. [&hellip;]<\/p>","protected":false},"featured_media":1817,"template":"","meta":[],"product_brand":[],"product_cat":[15],"product_tag":[],"class_list":{"0":"post-2449","1":"product","2":"type-product","3":"status-publish","4":"has-post-thumbnail","6":"product_cat-uncategorized","9":"instock","10":"shipping-taxable","11":"purchasable","12":"product-type-simple","13":"product-grid-view"},"_links":{"self":[{"href":"https:\/\/hotellev.tek05.com\/en\/wp-json\/wp\/v2\/product\/2449","targetHints":{"allow":["GET"]}}],"collection":[{"href":"https:\/\/hotellev.tek05.com\/en\/wp-json\/wp\/v2\/product"}],"about":[{"href":"https:\/\/hotellev.tek05.com\/en\/wp-json\/wp\/v2\/types\/product"}],"wp:featuredmedia":[{"embeddable":true,"href":"https:\/\/hotellev.tek05.com\/en\/wp-json\/wp\/v2\/media\/1817"}],"wp:attachment":[{"href":"https:\/\/hotellev.tek05.com\/en\/wp-json\/wp\/v2\/media?parent=2449"}],"wp:term":[{"taxonomy":"product_brand","embeddable":true,"href":"https:\/\/hotellev.tek05.com\/en\/wp-json\/wp\/v2\/product_brand?post=2449"},{"taxonomy":"product_cat","embeddable":true,"href":"https:\/\/hotellev.tek05.com\/en\/wp-json\/wp\/v2\/product_cat?post=2449"},{"taxonomy":"product_tag","embeddable":true,"href":"https:\/\/hotellev.tek05.com\/en\/wp-json\/wp\/v2\/product_tag?post=2449"}],"curies":[{"name":"wp","href":"https:\/\/api.w.org\/{rel}","templated":true}]}}