{"id":544,"date":"2024-12-25T09:33:30","date_gmt":"2024-12-25T09:33:30","guid":{"rendered":"https:\/\/hotellev.tek05.com\/?page_id=544"},"modified":"2025-05-19T15:36:05","modified_gmt":"2025-05-19T13:36:05","slug":"galeria-hotela","status":"publish","type":"page","link":"https:\/\/hotellev.tek05.com\/en\/galeria-hotela\/","title":{"rendered":"Galeria hotela"},"content":{"rendered":"<div data-elementor-type=\"wp-page\" data-elementor-id=\"544\" class=\"elementor elementor-544\" data-elementor-post-type=\"page\">\n\t\t\t\t\t\t<section class=\"elementor-section elementor-top-section elementor-element elementor-element-569cee1 wdt-no-full-section elementor-section-boxed elementor-section-height-default elementor-section-height-default\" data-id=\"569cee1\" data-element_type=\"section\" data-settings=\"{&quot;background_background&quot;:&quot;classic&quot;,&quot;wdt_bg_image&quot;:{&quot;url&quot;:&quot;&quot;,&quot;id&quot;:&quot;&quot;,&quot;size&quot;:&quot;&quot;},&quot;wdt_bg_image_laptop&quot;:{&quot;url&quot;:&quot;&quot;,&quot;id&quot;:&quot;&quot;,&quot;size&quot;:&quot;&quot;},&quot;wdt_bg_image_tablet_extra&quot;:{&quot;url&quot;:&quot;&quot;,&quot;id&quot;:&quot;&quot;,&quot;size&quot;:&quot;&quot;},&quot;wdt_bg_image_tablet&quot;:{&quot;url&quot;:&quot;&quot;,&quot;id&quot;:&quot;&quot;,&quot;size&quot;:&quot;&quot;},&quot;wdt_bg_image_mobile_extra&quot;:{&quot;url&quot;:&quot;&quot;,&quot;id&quot;:&quot;&quot;,&quot;size&quot;:&quot;&quot;},&quot;wdt_bg_image_mobile&quot;:{&quot;url&quot;:&quot;&quot;,&quot;id&quot;:&quot;&quot;,&quot;size&quot;:&quot;&quot;},&quot;wdt_bg_position&quot;:&quot;center center&quot;,&quot;wdt_animation_effect&quot;:&quot;none&quot;}\">\n\t\t\t\t\t\t<div class=\"elementor-container elementor-column-gap-no\">\n\t\t\t\t\t<div class=\"elementor-column elementor-col-100 elementor-top-column elementor-element elementor-element-0fe64e9\" data-id=\"0fe64e9\" data-element_type=\"column\">\n\t\t\t<div class=\"elementor-widget-wrap elementor-element-populated\">\n\t\t\t\t\t\t<section class=\"elementor-section elementor-inner-section elementor-element elementor-element-3863f6e elementor-section-full_width wdt-section-space-between elementor-section-height-default elementor-section-height-default\" data-id=\"3863f6e\" data-element_type=\"section\" data-settings=\"{&quot;wdt_bg_image&quot;:{&quot;url&quot;:&quot;&quot;,&quot;id&quot;:&quot;&quot;,&quot;size&quot;:&quot;&quot;},&quot;wdt_bg_image_laptop&quot;:{&quot;url&quot;:&quot;&quot;,&quot;id&quot;:&quot;&quot;,&quot;size&quot;:&quot;&quot;},&quot;wdt_bg_image_tablet_extra&quot;:{&quot;url&quot;:&quot;&quot;,&quot;id&quot;:&quot;&quot;,&quot;size&quot;:&quot;&quot;},&quot;wdt_bg_image_tablet&quot;:{&quot;url&quot;:&quot;&quot;,&quot;id&quot;:&quot;&quot;,&quot;size&quot;:&quot;&quot;},&quot;wdt_bg_image_mobile_extra&quot;:{&quot;url&quot;:&quot;&quot;,&quot;id&quot;:&quot;&quot;,&quot;size&quot;:&quot;&quot;},&quot;wdt_bg_image_mobile&quot;:{&quot;url&quot;:&quot;&quot;,&quot;id&quot;:&quot;&quot;,&quot;size&quot;:&quot;&quot;},&quot;wdt_bg_position&quot;:&quot;center center&quot;,&quot;wdt_animation_effect&quot;:&quot;none&quot;}\">\n\t\t\t\t\t\t<div class=\"elementor-container elementor-column-gap-no\">\n\t\t\t\t\t<div class=\"elementor-column elementor-col-33 elementor-inner-column elementor-element elementor-element-1c8d366 elementor-hidden-mobile_extra elementor-hidden-mobile\" data-id=\"1c8d366\" data-element_type=\"column\">\n\t\t\t<div class=\"elementor-widget-wrap\">\n\t\t\t\t\t\t\t<\/div>\n\t\t<\/div>\n\t\t\t\t<div class=\"elementor-column elementor-col-33 elementor-inner-column elementor-element elementor-element-429ba6c\" data-id=\"429ba6c\" data-element_type=\"column\">\n\t\t\t<div class=\"elementor-widget-wrap elementor-element-populated\">\n\t\t\t\t\t\t<div class=\"elementor-element elementor-element-16621c9 elementor-invisible elementor-widget elementor-widget-wdt-heading\" data-id=\"16621c9\" data-element_type=\"widget\" data-settings=\"{&quot;_animation&quot;:&quot;fadeInLeft&quot;,&quot;title_vertical_align&quot;:&quot;center&quot;,&quot;subtitle_vertical_align&quot;:&quot;center&quot;,&quot;wdt_animation_effect&quot;:&quot;none&quot;}\" data-widget_type=\"wdt-heading.default\">\n\t\t\t\t<div class=\"elementor-widget-container\">\n\t\t\t\t\t<div class=\"wdt-heading-holder\" id=\"wdt-heading-16621c9\"><div class=\"wdt-heading-subtitle-wrapper wdt-heading-align-center\"><span class=\"wdt-heading-subtitle\">Nahliadnite do priestorov n\u00e1\u0161ho hotela<\/span><\/div><h2 class=\"wdt-heading-title-wrapper wdt-heading-align-center wdt-heading-deco-wrapper\"><span class=\"wdt-heading-title\">Gal\u00e9ria hotela Lev<\/span><\/h2><div class=\"wdt-heading-content-wrapper\">V hoteli Lev sa sp\u00e1ja trad\u00edcia, architekt\u00fara a kult\u00fara slovensk\u00e9ho n\u00e1roda. U\u017e viac ako 100 rokov vytv\u00e1rame priestor pre v\u00fdnimo\u010dn\u00e9 momenty a nezabudnute\u013en\u00e9 z\u00e1\u017eitky.<\/div><\/div>\t\t\t\t<\/div>\n\t\t\t\t<\/div>\n\t\t\t\t\t<\/div>\n\t\t<\/div>\n\t\t\t\t<div class=\"elementor-column elementor-col-33 elementor-inner-column elementor-element elementor-element-abf24df elementor-hidden-mobile_extra elementor-hidden-mobile\" data-id=\"abf24df\" data-element_type=\"column\">\n\t\t\t<div class=\"elementor-widget-wrap\">\n\t\t\t\t\t\t\t<\/div>\n\t\t<\/div>\n\t\t\t\t\t<\/div>\n\t\t<\/section>\n\t\t\t\t<div class=\"elementor-element elementor-element-fa83f71 elementor-invisible elementor-widget elementor-widget-wdt-interactive-showcase-template\" data-id=\"fa83f71\" data-element_type=\"widget\" data-settings=\"{&quot;_animation&quot;:&quot;fadeInRight&quot;,&quot;wdt_animation_effect&quot;:&quot;none&quot;}\" data-widget_type=\"wdt-interactive-showcase-template.default\">\n\t\t\t\t<div class=\"elementor-widget-container\">\n\t\t\t\t\t<div class=\"gallery wdt-wdt-gallery-fa83f71 wdt-grid\"><div class=\"wdt-gallery-item wdt-column-2 wdt-grid-item\"><div class=\"wdt-gallery-item-inner\"><div class=\"wdt-gallery-item-image\"><a class=\"wdt-gallery-pop-img\" href=\"https:\/\/hotellev.tek05.com\/wp-content\/uploads\/2025\/04\/interier02.jpg\" data-elementor-open-lightbox=\"yes\" data-elementor-lightbox-slideshow=\"fa83f71\" data-elementor-lightbox-title=\"Recepcia\"><img decoding=\"async\" src=\"https:\/\/hotellev.tek05.com\/wp-content\/uploads\/2025\/04\/interier02.jpg\" alt=\"Recepcia\"><\/a><\/div><\/div><\/div><div class=\"wdt-gallery-item wdt-column-2 wdt-grid-item\"><div class=\"wdt-gallery-item-inner\"><div class=\"wdt-gallery-item-image\"><a class=\"wdt-gallery-pop-img\" href=\"https:\/\/hotellev.tek05.com\/wp-content\/uploads\/2025\/04\/uploads-zlavadna.sk-deal-images-2025-0122-67912923afda4.jpg\" data-elementor-open-lightbox=\"yes\" data-elementor-lightbox-slideshow=\"fa83f71\" data-elementor-lightbox-title=\"Recepcia\"><img decoding=\"async\" src=\"https:\/\/hotellev.tek05.com\/wp-content\/uploads\/2025\/04\/uploads-zlavadna.sk-deal-images-2025-0122-67912923afda4.jpg\" alt=\"Recepcia\"><\/a><\/div><\/div><\/div><div class=\"wdt-gallery-item wdt-column-2 wdt-grid-item\"><div class=\"wdt-gallery-item-inner\"><div class=\"wdt-gallery-item-image\"><a class=\"wdt-gallery-pop-img\" href=\"https:\/\/hotellev.tek05.com\/wp-content\/uploads\/2025\/04\/uploads-zlavadna.sk-deal-images-2025-0122-67912921a810d.jpg\" data-elementor-open-lightbox=\"yes\" data-elementor-lightbox-slideshow=\"fa83f71\" data-elementor-lightbox-title=\"Hala\"><img decoding=\"async\" src=\"https:\/\/hotellev.tek05.com\/wp-content\/uploads\/2025\/04\/uploads-zlavadna.sk-deal-images-2025-0122-67912921a810d.jpg\" alt=\"Hala\"><\/a><\/div><\/div><\/div><div class=\"wdt-gallery-item wdt-column-2 wdt-grid-item\"><div class=\"wdt-gallery-item-inner\"><div class=\"wdt-gallery-item-image\"><a class=\"wdt-gallery-pop-img\" href=\"https:\/\/hotellev.tek05.com\/wp-content\/uploads\/2025\/04\/interier04.jpg\" data-elementor-open-lightbox=\"yes\" data-elementor-lightbox-slideshow=\"fa83f71\" data-elementor-lightbox-title=\"Hala\"><img decoding=\"async\" src=\"https:\/\/hotellev.tek05.com\/wp-content\/uploads\/2025\/04\/interier04.jpg\" alt=\"Hala\"><\/a><\/div><\/div><\/div><div class=\"wdt-gallery-item wdt-column-2 wdt-grid-item\"><div class=\"wdt-gallery-item-inner\"><div class=\"wdt-gallery-item-image\"><a class=\"wdt-gallery-pop-img\" href=\"https:\/\/hotellev.tek05.com\/wp-content\/uploads\/2025\/04\/restauracia01.jpg\" data-elementor-open-lightbox=\"yes\" data-elementor-lightbox-slideshow=\"fa83f71\" data-elementor-lightbox-title=\"Re\u0161taur\u00e1cia\"><img decoding=\"async\" src=\"https:\/\/hotellev.tek05.com\/wp-content\/uploads\/2025\/04\/restauracia01.jpg\" alt=\"Re\u0161taur\u00e1cia\"><\/a><\/div><\/div><\/div><div class=\"wdt-gallery-item wdt-column-2 wdt-grid-item\"><div class=\"wdt-gallery-item-inner\"><div class=\"wdt-gallery-item-image\"><a class=\"wdt-gallery-pop-img\" href=\"https:\/\/hotellev.tek05.com\/wp-content\/uploads\/2025\/04\/restauracia02.jpg\" data-elementor-open-lightbox=\"yes\" data-elementor-lightbox-slideshow=\"fa83f71\" data-elementor-lightbox-title=\"Re\u0161taur\u00e1cia\"><img decoding=\"async\" src=\"https:\/\/hotellev.tek05.com\/wp-content\/uploads\/2025\/04\/restauracia02.jpg\" alt=\"Re\u0161taur\u00e1cia\"><\/a><\/div><\/div><\/div><div class=\"wdt-gallery-item wdt-column-2 wdt-grid-item\"><div class=\"wdt-gallery-item-inner\"><div class=\"wdt-gallery-item-image\"><a class=\"wdt-gallery-pop-img\" href=\"https:\/\/hotellev.tek05.com\/wp-content\/uploads\/2025\/04\/restauracia03.jpg\" data-elementor-open-lightbox=\"yes\" data-elementor-lightbox-slideshow=\"fa83f71\" data-elementor-lightbox-title=\"Re\u0161taur\u00e1cia\"><img decoding=\"async\" src=\"https:\/\/hotellev.tek05.com\/wp-content\/uploads\/2025\/04\/restauracia03.jpg\" alt=\"Re\u0161taur\u00e1cia\"><\/a><\/div><\/div><\/div><div class=\"wdt-gallery-item wdt-column-2 wdt-grid-item\"><div class=\"wdt-gallery-item-inner\"><div class=\"wdt-gallery-item-image\"><a class=\"wdt-gallery-pop-img\" href=\"https:\/\/hotellev.tek05.com\/wp-content\/uploads\/2025\/04\/restauracia04.jpg\" data-elementor-open-lightbox=\"yes\" data-elementor-lightbox-slideshow=\"fa83f71\" data-elementor-lightbox-title=\"Re\u0161taur\u00e1cia\"><img decoding=\"async\" src=\"https:\/\/hotellev.tek05.com\/wp-content\/uploads\/2025\/04\/restauracia04.jpg\" alt=\"Re\u0161taur\u00e1cia\"><\/a><\/div><\/div><\/div><div class=\"wdt-gallery-item wdt-column-2 wdt-grid-item\"><div class=\"wdt-gallery-item-inner\"><div class=\"wdt-gallery-item-image\"><a class=\"wdt-gallery-pop-img\" href=\"https:\/\/hotellev.tek05.com\/wp-content\/uploads\/2025\/04\/kaviaren01.jpg\" data-elementor-open-lightbox=\"yes\" data-elementor-lightbox-slideshow=\"fa83f71\" data-elementor-lightbox-title=\"Kaviare\u0148\"><img decoding=\"async\" src=\"https:\/\/hotellev.tek05.com\/wp-content\/uploads\/2025\/04\/kaviaren01.jpg\" alt=\"Kaviare\u0148\"><\/a><\/div><\/div><\/div><div class=\"wdt-gallery-item wdt-column-2 wdt-grid-item\"><div class=\"wdt-gallery-item-inner\"><div class=\"wdt-gallery-item-image\"><a class=\"wdt-gallery-pop-img\" href=\"https:\/\/hotellev.tek05.com\/wp-content\/uploads\/2025\/04\/kaviaren02.jpg\" data-elementor-open-lightbox=\"yes\" data-elementor-lightbox-slideshow=\"fa83f71\" data-elementor-lightbox-title=\"Kaviare\u0148\"><img decoding=\"async\" src=\"https:\/\/hotellev.tek05.com\/wp-content\/uploads\/2025\/04\/kaviaren02.jpg\" alt=\"Kaviare\u0148\"><\/a><\/div><\/div><\/div><div class=\"wdt-gallery-item wdt-column-2 wdt-grid-item\"><div class=\"wdt-gallery-item-inner\"><div class=\"wdt-gallery-item-image\"><a class=\"wdt-gallery-pop-img\" href=\"https:\/\/hotellev.tek05.com\/wp-content\/uploads\/2025\/04\/terasa01.jpg\" data-elementor-open-lightbox=\"yes\" data-elementor-lightbox-slideshow=\"fa83f71\" data-elementor-lightbox-title=\"Kaviare\u0148\"><img decoding=\"async\" src=\"https:\/\/hotellev.tek05.com\/wp-content\/uploads\/2025\/04\/terasa01.jpg\" alt=\"Kaviare\u0148\"><\/a><\/div><\/div><\/div><div class=\"wdt-gallery-item wdt-column-2 wdt-grid-item\"><div class=\"wdt-gallery-item-inner\"><div class=\"wdt-gallery-item-image\"><a class=\"wdt-gallery-pop-img\" href=\"https:\/\/hotellev.tek05.com\/wp-content\/uploads\/2025\/04\/terasa02.jpg\" data-elementor-open-lightbox=\"yes\" data-elementor-lightbox-slideshow=\"fa83f71\" data-elementor-lightbox-title=\"Kaviare\u0148\"><img decoding=\"async\" src=\"https:\/\/hotellev.tek05.com\/wp-content\/uploads\/2025\/04\/terasa02.jpg\" alt=\"Kaviare\u0148\"><\/a><\/div><\/div><\/div><div class=\"wdt-gallery-item wdt-column-2 wdt-grid-item\"><div class=\"wdt-gallery-item-inner\"><div class=\"wdt-gallery-item-image\"><a class=\"wdt-gallery-pop-img\" href=\"https:\/\/hotellev.tek05.com\/wp-content\/uploads\/2025\/04\/uploads-zlavadna.sk-deal-images-2025-0122-679129233c8c4.jpg\" data-elementor-open-lightbox=\"yes\" data-elementor-lightbox-slideshow=\"fa83f71\" data-elementor-lightbox-title=\"Wellness\"><img decoding=\"async\" src=\"https:\/\/hotellev.tek05.com\/wp-content\/uploads\/2025\/04\/uploads-zlavadna.sk-deal-images-2025-0122-679129233c8c4.jpg\" alt=\"Wellness\"><\/a><\/div><\/div><\/div><div class=\"wdt-gallery-item wdt-column-2 wdt-grid-item\"><div class=\"wdt-gallery-item-inner\"><div class=\"wdt-gallery-item-image\"><a class=\"wdt-gallery-pop-img\" href=\"https:\/\/hotellev.tek05.com\/wp-content\/uploads\/2025\/04\/uploads-zlavadna.sk-deal-images-2025-0122-67912923239e0.jpg\" data-elementor-open-lightbox=\"yes\" data-elementor-lightbox-slideshow=\"fa83f71\" data-elementor-lightbox-title=\"Wellness\"><img decoding=\"async\" src=\"https:\/\/hotellev.tek05.com\/wp-content\/uploads\/2025\/04\/uploads-zlavadna.sk-deal-images-2025-0122-67912923239e0.jpg\" alt=\"Wellness\"><\/a><\/div><\/div><\/div><div class=\"wdt-gallery-item wdt-column-2 wdt-grid-item\"><div class=\"wdt-gallery-item-inner\"><div class=\"wdt-gallery-item-image\"><a class=\"wdt-gallery-pop-img\" href=\"https:\/\/hotellev.tek05.com\/wp-content\/uploads\/2025\/04\/uploads-zlavadna.sk-deal-images-2025-0122-67912923657cf.jpg\" data-elementor-open-lightbox=\"yes\" data-elementor-lightbox-slideshow=\"fa83f71\" data-elementor-lightbox-title=\"Wellness\"><img decoding=\"async\" src=\"https:\/\/hotellev.tek05.com\/wp-content\/uploads\/2025\/04\/uploads-zlavadna.sk-deal-images-2025-0122-67912923657cf.jpg\" alt=\"Wellness\"><\/a><\/div><\/div><\/div><div class=\"wdt-gallery-item wdt-column-2 wdt-grid-item\"><div class=\"wdt-gallery-item-inner\"><div class=\"wdt-gallery-item-image\"><a class=\"wdt-gallery-pop-img\" href=\"https:\/\/hotellev.tek05.com\/wp-content\/uploads\/2025\/04\/uploads-zlavadna.sk-deal-images-2025-0122-679129235184a.jpg\" data-elementor-open-lightbox=\"yes\" data-elementor-lightbox-slideshow=\"fa83f71\" data-elementor-lightbox-title=\"Wellness\"><img decoding=\"async\" src=\"https:\/\/hotellev.tek05.com\/wp-content\/uploads\/2025\/04\/uploads-zlavadna.sk-deal-images-2025-0122-679129235184a.jpg\" alt=\"Wellness\"><\/a><\/div><\/div><\/div><\/div>\t\t\t\t<\/div>\n\t\t\t\t<\/div>\n\t\t\t\t\t<\/div>\n\t\t<\/div>\n\t\t\t\t\t<\/div>\n\t\t<\/section>\n\t\t\t\t<section class=\"elementor-section elementor-top-section elementor-element elementor-element-18ecad1 elementor-hidden-desktop elementor-hidden-laptop elementor-hidden-tablet_extra elementor-hidden-tablet elementor-hidden-mobile_extra elementor-hidden-mobile elementor-section-boxed elementor-section-height-default elementor-section-height-default\" data-id=\"18ecad1\" data-element_type=\"section\" data-settings=\"{&quot;wdt_bg_image&quot;:{&quot;url&quot;:&quot;&quot;,&quot;id&quot;:&quot;&quot;,&quot;size&quot;:&quot;&quot;},&quot;wdt_bg_image_laptop&quot;:{&quot;url&quot;:&quot;&quot;,&quot;id&quot;:&quot;&quot;,&quot;size&quot;:&quot;&quot;},&quot;wdt_bg_image_tablet_extra&quot;:{&quot;url&quot;:&quot;&quot;,&quot;id&quot;:&quot;&quot;,&quot;size&quot;:&quot;&quot;},&quot;wdt_bg_image_tablet&quot;:{&quot;url&quot;:&quot;&quot;,&quot;id&quot;:&quot;&quot;,&quot;size&quot;:&quot;&quot;},&quot;wdt_bg_image_mobile_extra&quot;:{&quot;url&quot;:&quot;&quot;,&quot;id&quot;:&quot;&quot;,&quot;size&quot;:&quot;&quot;},&quot;wdt_bg_image_mobile&quot;:{&quot;url&quot;:&quot;&quot;,&quot;id&quot;:&quot;&quot;,&quot;size&quot;:&quot;&quot;},&quot;wdt_bg_position&quot;:&quot;center center&quot;,&quot;wdt_animation_effect&quot;:&quot;none&quot;}\">\n\t\t\t\t\t\t<div class=\"elementor-container elementor-column-gap-default\">\n\t\t\t\t\t<div class=\"elementor-column elementor-col-100 elementor-top-column elementor-element elementor-element-98a59a5\" data-id=\"98a59a5\" data-element_type=\"column\">\n\t\t\t<div class=\"elementor-widget-wrap elementor-element-populated\">\n\t\t\t\t\t\t<div class=\"elementor-element elementor-element-3f3b75b elementor-widget elementor-widget-image-gallery\" data-id=\"3f3b75b\" data-element_type=\"widget\" data-settings=\"{&quot;wdt_animation_effect&quot;:&quot;none&quot;}\" data-widget_type=\"image-gallery.default\">\n\t\t\t\t<div class=\"elementor-widget-container\">\n\t\t\t\t\t\t\t<div class=\"elementor-image-gallery\">\n\t\t\t<div id='gallery-1' class='gallery galleryid-544 gallery-columns-10 gallery-size-thumbnail'><figure class='gallery-item'>\n\t\t\t<div class='gallery-icon landscape'>\n\t\t\t\t<a data-elementor-open-lightbox=\"yes\" data-elementor-lightbox-slideshow=\"3f3b75b\" data-elementor-lightbox-title=\"header-side-panel\" data-e-action-hash=\"#elementor-action%3Aaction%3Dlightbox%26settings%3DeyJpZCI6OTYzLCJ1cmwiOiJodHRwczpcL1wvaG90ZWxsZXYudGVrMDUuY29tXC93cC1jb250ZW50XC91cGxvYWRzXC8yMDI0XC8xMlwvaGVhZGVyLXNpZGUtcGFuZWwuanBnIiwic2xpZGVzaG93IjoiM2YzYjc1YiJ9\" href='https:\/\/hotellev.tek05.com\/wp-content\/uploads\/2024\/12\/header-side-panel.jpg'><img decoding=\"async\" width=\"150\" height=\"84\" src=\"https:\/\/hotellev.tek05.com\/wp-content\/uploads\/2024\/12\/header-side-panel.jpg\" class=\"attachment-thumbnail size-thumbnail\" alt=\"\" \/><\/a>\n\t\t\t<\/div><\/figure><figure class='gallery-item'>\n\t\t\t<div class='gallery-icon landscape'>\n\t\t\t\t<a data-elementor-open-lightbox=\"yes\" data-elementor-lightbox-slideshow=\"3f3b75b\" data-elementor-lightbox-title=\"blog-detail-big-2\" data-e-action-hash=\"#elementor-action%3Aaction%3Dlightbox%26settings%3DeyJpZCI6OTUyLCJ1cmwiOiJodHRwczpcL1wvaG90ZWxsZXYudGVrMDUuY29tXC93cC1jb250ZW50XC91cGxvYWRzXC8yMDI0XC8xMlwvYmxvZy1kZXRhaWwtYmlnLTIuanBnIiwic2xpZGVzaG93IjoiM2YzYjc1YiJ9\" href='https:\/\/hotellev.tek05.com\/wp-content\/uploads\/2024\/12\/blog-detail-big-2.jpg'><img decoding=\"async\" width=\"150\" height=\"79\" src=\"https:\/\/hotellev.tek05.com\/wp-content\/uploads\/2024\/12\/blog-detail-big-2.jpg\" class=\"attachment-thumbnail size-thumbnail\" alt=\"\" srcset=\"https:\/\/hotellev.tek05.com\/wp-content\/uploads\/2024\/12\/blog-detail-big-2.jpg 1500w, https:\/\/hotellev.tek05.com\/wp-content\/uploads\/2024\/12\/blog-detail-big-2-1000x527.jpg 1000w\" sizes=\"(max-width: 150px) 100vw, 150px\" \/><\/a>\n\t\t\t<\/div><\/figure><figure class='gallery-item'>\n\t\t\t<div class='gallery-icon portrait'>\n\t\t\t\t<a data-elementor-open-lightbox=\"yes\" data-elementor-lightbox-slideshow=\"3f3b75b\" data-elementor-lightbox-title=\"blog-detail-03\" data-e-action-hash=\"#elementor-action%3Aaction%3Dlightbox%26settings%3DeyJpZCI6OTUwLCJ1cmwiOiJodHRwczpcL1wvaG90ZWxsZXYudGVrMDUuY29tXC93cC1jb250ZW50XC91cGxvYWRzXC8yMDI0XC8xMlwvYmxvZy1kZXRhaWwtMDMuanBnIiwic2xpZGVzaG93IjoiM2YzYjc1YiJ9\" href='https:\/\/hotellev.tek05.com\/wp-content\/uploads\/2024\/12\/blog-detail-03.jpg'><img decoding=\"async\" width=\"111\" height=\"150\" src=\"https:\/\/hotellev.tek05.com\/wp-content\/uploads\/2024\/12\/blog-detail-03.jpg\" class=\"attachment-thumbnail size-thumbnail\" alt=\"\" \/><\/a>\n\t\t\t<\/div><\/figure>\n\t\t<\/div>\n\t\t<\/div>\n\t\t\t\t\t\t<\/div>\n\t\t\t\t<\/div>\n\t\t\t\t\t<\/div>\n\t\t<\/div>\n\t\t\t\t\t<\/div>\n\t\t<\/section>\n\t\t\t\t<\/div>","protected":false},"excerpt":{"rendered":"<p>Nahliadnite do priestorov n\u00e1\u0161ho hotela Gal\u00e9ria hotela Lev V hoteli Lev sa sp\u00e1ja trad\u00edcia, architekt\u00fara a kult\u00fara slovensk\u00e9ho n\u00e1roda. U\u017e viac ako 100 rokov vytv\u00e1rame priestor pre v\u00fdnimo\u010dn\u00e9 momenty a nezabudnute\u013en\u00e9 z\u00e1\u017eitky.<\/p>","protected":false},"author":1,"featured_media":0,"parent":0,"menu_order":0,"comment_status":"closed","ping_status":"closed","template":"elementor_header_footer","meta":{"footnotes":""},"class_list":["post-544","page","type-page","status-publish","hentry"],"_links":{"self":[{"href":"https:\/\/hotellev.tek05.com\/en\/wp-json\/wp\/v2\/pages\/544","targetHints":{"allow":["GET"]}}],"collection":[{"href":"https:\/\/hotellev.tek05.com\/en\/wp-json\/wp\/v2\/pages"}],"about":[{"href":"https:\/\/hotellev.tek05.com\/en\/wp-json\/wp\/v2\/types\/page"}],"author":[{"embeddable":true,"href":"https:\/\/hotellev.tek05.com\/en\/wp-json\/wp\/v2\/users\/1"}],"replies":[{"embeddable":true,"href":"https:\/\/hotellev.tek05.com\/en\/wp-json\/wp\/v2\/comments?post=544"}],"version-history":[{"count":10,"href":"https:\/\/hotellev.tek05.com\/en\/wp-json\/wp\/v2\/pages\/544\/revisions"}],"predecessor-version":[{"id":2705,"href":"https:\/\/hotellev.tek05.com\/en\/wp-json\/wp\/v2\/pages\/544\/revisions\/2705"}],"wp:attachment":[{"href":"https:\/\/hotellev.tek05.com\/en\/wp-json\/wp\/v2\/media?parent=544"}],"curies":[{"name":"wp","href":"https:\/\/api.w.org\/{rel}","templated":true}]}}