{"id":517,"date":"2024-12-24T06:57:37","date_gmt":"2024-12-24T06:57:37","guid":{"rendered":"https:\/\/hotellev.tek05.com\/?page_id=517"},"modified":"2025-03-29T11:18:33","modified_gmt":"2025-03-29T10:18:33","slug":"rooms-with-amenities","status":"publish","type":"page","link":"https:\/\/hotellev.tek05.com\/en\/rooms-with-amenities\/","title":{"rendered":"Rooms With Amenities"},"content":{"rendered":"<div data-elementor-type=\"wp-page\" data-elementor-id=\"517\" class=\"elementor elementor-517\" data-elementor-post-type=\"page\">\n\t\t\t\t\t\t<section class=\"elementor-section elementor-top-section elementor-element elementor-element-c161cfa wdt-no-full-section elementor-section-boxed elementor-section-height-default elementor-section-height-default\" data-id=\"c161cfa\" data-element_type=\"section\" data-settings=\"{&quot;background_background&quot;:&quot;classic&quot;,&quot;wdt_bg_image&quot;:{&quot;url&quot;:&quot;&quot;,&quot;id&quot;:&quot;&quot;,&quot;size&quot;:&quot;&quot;},&quot;wdt_bg_image_laptop&quot;:{&quot;url&quot;:&quot;&quot;,&quot;id&quot;:&quot;&quot;,&quot;size&quot;:&quot;&quot;},&quot;wdt_bg_image_tablet_extra&quot;:{&quot;url&quot;:&quot;&quot;,&quot;id&quot;:&quot;&quot;,&quot;size&quot;:&quot;&quot;},&quot;wdt_bg_image_tablet&quot;:{&quot;url&quot;:&quot;&quot;,&quot;id&quot;:&quot;&quot;,&quot;size&quot;:&quot;&quot;},&quot;wdt_bg_image_mobile_extra&quot;:{&quot;url&quot;:&quot;&quot;,&quot;id&quot;:&quot;&quot;,&quot;size&quot;:&quot;&quot;},&quot;wdt_bg_image_mobile&quot;:{&quot;url&quot;:&quot;&quot;,&quot;id&quot;:&quot;&quot;,&quot;size&quot;:&quot;&quot;},&quot;wdt_bg_position&quot;:&quot;center center&quot;,&quot;wdt_animation_effect&quot;:&quot;none&quot;}\">\n\t\t\t\t\t\t<div class=\"elementor-container elementor-column-gap-no\">\n\t\t\t\t\t<div class=\"elementor-column elementor-col-100 elementor-top-column elementor-element elementor-element-9276ebf\" data-id=\"9276ebf\" data-element_type=\"column\">\n\t\t\t<div class=\"elementor-widget-wrap elementor-element-populated\">\n\t\t\t\t\t\t<div class=\"elementor-element elementor-element-1af1c09 elementor-widget elementor-widget-dt-room-search-form\" data-id=\"1af1c09\" data-element_type=\"widget\" data-settings=\"{&quot;wdt_animation_effect&quot;:&quot;none&quot;}\" data-widget_type=\"dt-room-search-form.default\">\n\t\t\t\t<div class=\"elementor-widget-container\">\n\t\t\t\t\t<div class=\"dt-sc-appointment-wrapper wdt-dark-bg\"><form class=\"dt-sc-reservation-form dt-appointment-form\" name=\"reservation-schedule-form\" method=\"get\" action=\"https:\/\/hotellev.tek05.com\/en\/\" data-trp-original-action=\"https:\/\/hotellev.tek05.com\/en\/\"><input type=\"hidden\" name=\"s\" value=\"\"\/><div class=\"dt-sc-room--field\">\r\n\t\t\t\t\t\t\t<div class=\"frm-group\">\r\n\t\t\t\t\t\t\t\t<div class=\"dt-field-label\">\r\n            \t\t\t\t\t\t<label for=\"name\">Check-in<\/label>\r\n          \t\t\t\t\t\t<\/div>\r\n\t\t\t\t\t\t\t\t<div class=\"dt-sc-calendar-group\">\r\n\t\t\t\t\t\t\t\t\t<input type=\"text\" id=\"roomcheckin\" name=\"check_in\" class=\"frm-control\" value=\"2026-04-30\" required>\r\n\t\t\t\t\t\t\t\t\t<span class=\"dt-icon-dt-calendar\"><i class=\"icon-dt-calendar\"><\/i><\/span>\r\n\t\t\t\t\t\t\t\t<\/div>\r\n\t\t\t\t\t\t\t<\/div>\r\n\t\t\t\t\t\t<\/div><div class=\"dt-sc-room--field\">\r\n\t\t\t\t\t\t\t<div class=\"frm-group\">\r\n\t\t\t\t\t\t\t\t<div class=\"dt-field-label\">\r\n\t\t\t\t\t\t\t\t\t<label for=\"name\">Check-out<\/label>\r\n\t\t\t\t\t\t\t\t<\/div>\r\n\t\t\t\t\t\t\t\t<div class=\"dt-sc-calendar-group\">\r\n\t\t\t\t\t\t\t\t\t<input type=\"text\" id=\"roomcheckout\" name=\"check_out\" class=\"frm-control\" value=\"2026-05-01\" required>\r\n\t\t\t\t\t\t\t\t\t<span class=\"dt-icon-dt-calendar\"><i class=\"icon-dt-calendar\"><\/i><\/span>\r\n\t\t\t\t\t\t\t\t<\/div>\r\n\t\t\t\t\t\t\t<\/div>\r\n\t\t\t\t\t\t<\/div><div class=\"dt-sc-room--field\">\r\n\t\t\t\t\t\t\t<div class=\"frm-group\">\r\n\t\t\t\t\t\t\t\t<div class=\"dt-field-label\">\r\n\t\t\t\t\t\t\t\t\t<label for=\"name\">Rooms<\/label>\r\n\t\t\t\t\t\t\t\t<\/div>\r\n\t\t\t\t\t\t\t\t<select name=\"rooms\" id=\"rooms\" class=\"dt-select-room frm-control\">\r\n\t\t\t\t\t\t\t\t<option value=\"\"><\/option><option value=\"1\"  selected='selected'>1 Room<\/option><option value=\"2\" >2 Rooms<\/option><option value=\"3\" >3 Rooms<\/option><option value=\"4\" >4 Rooms<\/option><option value=\"5\" >5 Rooms<\/option><option value=\"6\" >6 Rooms<\/option><option value=\"7\" >7 Rooms<\/option><option value=\"8\" >8 Rooms<\/option><option value=\"9\" >9 Rooms<\/option><option value=\"10\" >10 Rooms<\/option><option value=\"11\" >11 Rooms<\/option><option value=\"12\" >12 Rooms<\/option><option value=\"13\" >13 Rooms<\/option><option value=\"14\" >14 Rooms<\/option><option value=\"15\" >15 Rooms<\/option><option value=\"16\" >16 Rooms<\/option><option value=\"17\" >17 Rooms<\/option><option value=\"18\" >18 Rooms<\/option><option value=\"19\" >19 Rooms<\/option><option value=\"20\" >20 Rooms<\/option><\/select>\r\n\t\t\t\t\t\t\t<\/div>\r\n\t\t\t\t\t\t<\/div><div class=\"dt-sc-room--field\">\r\n\t\t\t\t\t\t\t<div class=\"frm-group\">\r\n\t\t\t\t\t\t\t\t<div class=\"dt-field-label\">\r\n\t\t\t\t\t\t\t\t\t<label for=\"persons\">Guests<\/label>\r\n\t\t\t\t\t\t\t\t\t<div class=\"dt-sc-guests-group\">\r\n\t\t\t\t\t\t\t\t\t\t<input type=\"text\" class=\"frm-control dt--guests\" name=\"guests\" value=\"\" readonly \/>\r\n\t\t\t\t\t\t\t\t\t\t<span class=\"dt-drop--down\"><\/span>\r\n\t\t\t\t\t\t\t\t\t<\/div>\r\n\t\t\t\t\t\t\t\t<\/div>\r\n\t\t\t\t\t\t\t\t<div class=\"dt-sc-field-persons\">\r\n\t\t\t\t\t\t\t\t\t<div class=\"dt-sc-field-person dt-sc--adult\">\r\n\t\t\t\t\t\t\t\t\t\t<div class=\"dt-sc-e-label\">\r\n\t\t\t\t\t\t\t\t\t\t\t<span class=\"dt-sc-e-label-text\">Adults<\/span>\r\n\t\t\t\t\t\t\t\t\t\t<\/div>\r\n\t\t\t\t\t\t\t\t\t\t<select name=\"adult\" class=\"dt-select-person frm-control\" data-singular-label=\"Adult\" data-plural-label=\"Adults\"><option value=\"1\"  selected='selected'>1<\/option><option value=\"2\" >2<\/option><option value=\"3\" >3<\/option><option value=\"4\" >4<\/option><option value=\"5\" >5<\/option><option value=\"6\" >6<\/option><option value=\"7\" >7<\/option><option value=\"8\" >8<\/option><option value=\"9\" >9<\/option><option value=\"10\" >10<\/option><option value=\"11\" >11<\/option><option value=\"12\" >12<\/option><option value=\"13\" >13<\/option><option value=\"14\" >14<\/option><option value=\"15\" >15<\/option><option value=\"16\" >16<\/option><option value=\"17\" >17<\/option><option value=\"18\" >18<\/option><option value=\"19\" >19<\/option><option value=\"20\" >20<\/option><\/select>\r\n\t\t\t\t\t\t\t\t\t\t\t<\/div>\r\n\t\t\t\t\t\t\t\t\t\t\t<div class=\"dt-sc-field-person dt-sc--children\">\r\n\t\t\t\t\t\t\t\t\t\t\t\t<div class=\"dt-sc-e-label\">\r\n\t\t\t\t\t\t\t\t\t\t\t\t\t<span class=\"dt-sc-e-label-text\">Children<\/span>\r\n\t\t\t\t\t\t\t\t\t\t\t\t\t<span class=\"dt-sc-e-label-description\">2-12 years old<\/span>\r\n\t\t\t\t\t\t\t\t\t\t\t\t<\/div>\r\n\t\t\t\t\t\t\t\t\t\t\t\t<select name=\"children\" class=\"dt-select-person frm-control\" data-singular-label=\"Child\" data-plural-label=\"Children\"><option value=\"0\"  selected='selected'>0<\/option><option value=\"1\" >1<\/option><option value=\"2\" >2<\/option><option value=\"3\" >3<\/option><option value=\"4\" >4<\/option><option value=\"5\" >5<\/option><option value=\"6\" >6<\/option><option value=\"7\" >7<\/option><option value=\"8\" >8<\/option><option value=\"9\" >9<\/option><option value=\"10\" >10<\/option><option value=\"11\" >11<\/option><option value=\"12\" >12<\/option><option value=\"13\" >13<\/option><option value=\"14\" >14<\/option><option value=\"15\" >15<\/option><option value=\"16\" >16<\/option><option value=\"17\" >17<\/option><option value=\"18\" >18<\/option><option value=\"19\" >19<\/option><option value=\"20\" >20<\/option><\/select>\r\n\t\t\t\t\t\t\t\t\t\t\t<\/div>\r\n\t\t\t\t\t\t\t\t\t\t\t<div class=\"dt-sc-field-person dt-sc--infant\">\r\n\t\t\t\t\t\t\t\t\t\t\t\t<div class=\"dt-sc-e-label\">\r\n\t\t\t\t\t\t\t\t\t\t\t\t\t<span class=\"dt-sc-e-label-text\">Infants<\/span>\r\n\t\t\t\t\t\t\t\t\t\t\t\t\t<span class=\"dt-sc-e-label-description\">0-2 years old<\/span>\r\n\t\t\t\t\t\t\t\t\t\t\t\t<\/div>\r\n\t\t\t\t\t\t\t\t\t\t\t\t<select name=\"infant\" class=\"dt-select-person frm-control\" data-singular-label=\"Infant\" data-plural-label=\"Infants\"><option value=\"0\"  selected='selected'>0<\/option><option value=\"1\" >1<\/option><option value=\"2\" >2<\/option><option value=\"3\" >3<\/option><option value=\"4\" >4<\/option><option value=\"5\" >5<\/option><option value=\"6\" >6<\/option><option value=\"7\" >7<\/option><option value=\"8\" >8<\/option><option value=\"9\" >9<\/option><option value=\"10\" >10<\/option><option value=\"11\" >11<\/option><option value=\"12\" >12<\/option><option value=\"13\" >13<\/option><option value=\"14\" >14<\/option><option value=\"15\" >15<\/option><option value=\"16\" >16<\/option><option value=\"17\" >17<\/option><option value=\"18\" >18<\/option><option value=\"19\" >19<\/option><option value=\"20\" >20<\/option><\/select>\r\n\t\t\t\t\t\t\t\t\t\t\t<\/div>\r\n\t\t\t\t\t\t\t\t\t\t\t<div class=\"dt-sc-field-person dt-sc--button\">\r\n\t\t\t\t\t\t\t\t\t\t\t\t<button type=\"button\" class=\"dt-sc-button dt-sc-full-width\">\r\n\t\t\t\t\t\t\t\t\t\t\t\t\tDone\r\n\t\t\t\t\t\t\t\t\t\t\t\t<\/button>\r\n\t\t\t\t\t\t\t\t\t\t\t<\/div>\r\n\t\t\t\t\t\t\t\t\t\t<\/div>\r\n\t\t\t\t\t\t\t\t\t<\/div>\r\n\t\t\t\t\t\t\t\t<\/div><div class=\"dt-sc-room--field\">\r\n\t\t\t\t\t\t\t<div class=\"dt-sc-full-width\">\r\n\t\t\t\t\t\t\t\t<input name=\"subschedule\" class=\"dt-sc-button dt-sc-full-width\" value=\"Check Availability\" type=\"submit\">\r\n\t\t\t\t\t\t\t<\/div>\r\n\t\t\t\t\t\t<\/div><input type=\"hidden\" name=\"trp-form-language\" value=\"en\"\/><\/form><\/div>\t\t\t\t<\/div>\n\t\t\t\t<\/div>\n\t\t\t\t\t<\/div>\n\t\t<\/div>\n\t\t\t\t\t<\/div>\n\t\t<\/section>\n\t\t\t\t<section class=\"elementor-section elementor-top-section elementor-element elementor-element-d833903 wdt-no-full-section elementor-section-boxed elementor-section-height-default elementor-section-height-default\" data-id=\"d833903\" data-element_type=\"section\" data-settings=\"{&quot;background_background&quot;:&quot;classic&quot;,&quot;wdt_bg_image&quot;:{&quot;url&quot;:&quot;&quot;,&quot;id&quot;:&quot;&quot;,&quot;size&quot;:&quot;&quot;},&quot;wdt_bg_image_laptop&quot;:{&quot;url&quot;:&quot;&quot;,&quot;id&quot;:&quot;&quot;,&quot;size&quot;:&quot;&quot;},&quot;wdt_bg_image_tablet_extra&quot;:{&quot;url&quot;:&quot;&quot;,&quot;id&quot;:&quot;&quot;,&quot;size&quot;:&quot;&quot;},&quot;wdt_bg_image_tablet&quot;:{&quot;url&quot;:&quot;&quot;,&quot;id&quot;:&quot;&quot;,&quot;size&quot;:&quot;&quot;},&quot;wdt_bg_image_mobile_extra&quot;:{&quot;url&quot;:&quot;&quot;,&quot;id&quot;:&quot;&quot;,&quot;size&quot;:&quot;&quot;},&quot;wdt_bg_image_mobile&quot;:{&quot;url&quot;:&quot;&quot;,&quot;id&quot;:&quot;&quot;,&quot;size&quot;:&quot;&quot;},&quot;wdt_bg_position&quot;:&quot;center center&quot;,&quot;wdt_animation_effect&quot;:&quot;none&quot;}\">\n\t\t\t\t\t\t<div class=\"elementor-container elementor-column-gap-no\">\n\t\t\t\t\t<div class=\"elementor-column elementor-col-100 elementor-top-column elementor-element elementor-element-e6058bc\" data-id=\"e6058bc\" data-element_type=\"column\">\n\t\t\t<div class=\"elementor-widget-wrap elementor-element-populated\">\n\t\t\t\t\t\t<section class=\"elementor-section elementor-inner-section elementor-element elementor-element-4ba48e2 elementor-section-full_width wdt-section-space-between elementor-section-height-default elementor-section-height-default\" data-id=\"4ba48e2\" data-element_type=\"section\" data-settings=\"{&quot;wdt_bg_image&quot;:{&quot;url&quot;:&quot;&quot;,&quot;id&quot;:&quot;&quot;,&quot;size&quot;:&quot;&quot;},&quot;wdt_bg_image_laptop&quot;:{&quot;url&quot;:&quot;&quot;,&quot;id&quot;:&quot;&quot;,&quot;size&quot;:&quot;&quot;},&quot;wdt_bg_image_tablet_extra&quot;:{&quot;url&quot;:&quot;&quot;,&quot;id&quot;:&quot;&quot;,&quot;size&quot;:&quot;&quot;},&quot;wdt_bg_image_tablet&quot;:{&quot;url&quot;:&quot;&quot;,&quot;id&quot;:&quot;&quot;,&quot;size&quot;:&quot;&quot;},&quot;wdt_bg_image_mobile_extra&quot;:{&quot;url&quot;:&quot;&quot;,&quot;id&quot;:&quot;&quot;,&quot;size&quot;:&quot;&quot;},&quot;wdt_bg_image_mobile&quot;:{&quot;url&quot;:&quot;&quot;,&quot;id&quot;:&quot;&quot;,&quot;size&quot;:&quot;&quot;},&quot;wdt_bg_position&quot;:&quot;center center&quot;,&quot;wdt_animation_effect&quot;:&quot;none&quot;}\">\n\t\t\t\t\t\t<div class=\"elementor-container elementor-column-gap-no\">\n\t\t\t\t\t<div class=\"elementor-column elementor-col-33 elementor-inner-column elementor-element elementor-element-a7ec82d elementor-hidden-mobile_extra elementor-hidden-mobile\" data-id=\"a7ec82d\" data-element_type=\"column\">\n\t\t\t<div class=\"elementor-widget-wrap\">\n\t\t\t\t\t\t\t<\/div>\n\t\t<\/div>\n\t\t\t\t<div class=\"elementor-column elementor-col-33 elementor-inner-column elementor-element elementor-element-8720d6d\" data-id=\"8720d6d\" data-element_type=\"column\">\n\t\t\t<div class=\"elementor-widget-wrap elementor-element-populated\">\n\t\t\t\t\t\t<div class=\"elementor-element elementor-element-696aa49 elementor-invisible elementor-widget elementor-widget-wdt-heading\" data-id=\"696aa49\" data-element_type=\"widget\" data-settings=\"{&quot;_animation&quot;:&quot;fadeInLeft&quot;,&quot;title_vertical_align&quot;:&quot;center&quot;,&quot;subtitle_vertical_align&quot;:&quot;center&quot;,&quot;wdt_animation_effect&quot;:&quot;none&quot;}\" data-widget_type=\"wdt-heading.default\">\n\t\t\t\t<div class=\"elementor-widget-container\">\n\t\t\t\t\t<div class=\"wdt-heading-holder\" id=\"wdt-heading-696aa49\"><div class=\"wdt-heading-subtitle-wrapper wdt-heading-align-center\"><span class=\"wdt-heading-subtitle\">For Restful Nights<\/span><\/div><h2 class=\"wdt-heading-title-wrapper wdt-heading-align-center wdt-heading-deco-wrapper\"><span class=\"wdt-heading-title\">Experience The Extraordinary<\/span><\/h2><div class=\"wdt-heading-content-wrapper\">Malesuada potenti curabitur tristique ultricies odio lobortis. Vulputate himenaeos ex libero convallis nibh. Vivamus interdum pulvinar sem. Praesent viverra et metus. Nullam bibendum.<\/div><\/div>\t\t\t\t<\/div>\n\t\t\t\t<\/div>\n\t\t\t\t\t<\/div>\n\t\t<\/div>\n\t\t\t\t<div class=\"elementor-column elementor-col-33 elementor-inner-column elementor-element elementor-element-3d18c3a elementor-hidden-mobile_extra elementor-hidden-mobile\" data-id=\"3d18c3a\" data-element_type=\"column\">\n\t\t\t<div class=\"elementor-widget-wrap\">\n\t\t\t\t\t\t\t<\/div>\n\t\t<\/div>\n\t\t\t\t\t<\/div>\n\t\t<\/section>\n\t\t\t\t<div class=\"elementor-element elementor-element-9e2639d elementor-invisible elementor-widget elementor-widget-dt-room-item\" data-id=\"9e2639d\" data-element_type=\"widget\" data-settings=\"{&quot;columns&quot;:&quot;3&quot;,&quot;columns_laptop&quot;:&quot;3&quot;,&quot;_animation&quot;:&quot;fadeInRight&quot;,&quot;columns_tablet_extra&quot;:2,&quot;columns_tablet&quot;:2,&quot;columns_mobile_extra&quot;:1,&quot;columns_mobile&quot;:1,&quot;wdt_animation_effect&quot;:&quot;none&quot;}\" data-widget_type=\"dt-room-item.default\">\n\t\t\t\t<div class=\"elementor-widget-container\">\n\t\t\t\t\t<div class=\"dt-sc-room-items-container\" data-moduleid=\"9e2639d\" ><div class=\"dt-rooms-item-holder dt-content-item-holder dt-column-holder\" id=\"dt-rooms-item-9e2639d\" data-settings=\"\"><div class=\"dt-column-wrapper dt-column-gap-custom\" data-column-settings=\"\" data-module-id=\"dt-module-id-9e2639d\" id=\"dt-module-id-9e2639d\"><div class=\"dt-column\"><div class=\"dt-sc-room-item type2\" data-id=\"489\"><div class=\"image\"><div class=\"image-item\"><a href=\"https:\/\/hotellev.tek05.com\/en\/dt_room\/jednolozkova-izba\/\" ><img fetchpriority=\"high\" decoding=\"async\" width=\"1024\" height=\"768\" src=\"https:\/\/hotellev.tek05.com\/wp-content\/uploads\/2024\/12\/42799148.jpg\" class=\"attachment-full size-full wp-post-image\" alt=\"Jednol\u00f4\u017ekov\u00e1 izba\" title=\"Jednol\u00f4\u017ekov\u00e1 izba\" srcset=\"https:\/\/hotellev.tek05.com\/wp-content\/uploads\/2024\/12\/42799148.jpg 1024w, https:\/\/hotellev.tek05.com\/wp-content\/uploads\/2024\/12\/42799148-300x225.jpg 300w, https:\/\/hotellev.tek05.com\/wp-content\/uploads\/2024\/12\/42799148-768x576.jpg 768w, https:\/\/hotellev.tek05.com\/wp-content\/uploads\/2024\/12\/42799148-1000x750.jpg 1000w\" sizes=\"(max-width: 1024px) 100vw, 1024px\" \/><\/a><\/div><\/div><div class=\"room-details\"><div class=\"dt-sc-content-title\"><h4 class=\"dt-sc-room-title\"><a href=\"https:\/\/hotellev.tek05.com\/en\/dt_room\/jednolozkova-izba\/\" title=\"Jednol\u00f4\u017ekov\u00e1 izba\">Jednol\u00f4\u017ekov\u00e1 izba<\/a><\/h4><\/div><div class=\"dt-sc-rooms-meta-wrapper\"><div class=\"dt-sc-rooms-people-meta-wrapper\"><span class=\"dt-sc-rooms-people\">1 guest room<\/span><\/div><\/div><div class=\"dt-sc-room-amenities\"><div class=\"dt-sc-room-amenity\"><i class=\"icon-dt-housekeeper\"><\/i><\/div><div class=\"dt-sc-room-amenity\"><i class=\"icon-dt-wifi\"><\/i><\/div><div class=\"dt-sc-room-amenity\"><i class=\"icon-dt-breakfast\"><\/i><\/div><div class=\"dt-sc-room-amenity\"><i class=\"icon-dt-restaurant\"><\/i><\/div><div class=\"dt-sc-room-amenity\"><i class=\"icon-dt-double-bed\"><\/i><\/div><div class=\"dt-sc-room-amenity\"><i class=\"icon-dt-car-parking\"><\/i><\/div><div class=\"dt-sc-room-amenity\"><i class=\"icon-dt-bath\"><\/i><\/div><div class=\"dt-sc-room-amenity\"><i class=\"icon-dt-spa\"><\/i><\/div><\/div><div class=\"dt-sc-content-button\"><a class=\"dt-sc-button dt-sc-button-textual\" href=\"https:\/\/hotellev.tek05.com\/en\/dt_room\/jednolozkova-izba\/\" title=\"Jednol\u00f4\u017ekov\u00e1 izba\">Read More<\/a><\/div><\/div><\/div><\/div><div class=\"dt-column\"><div class=\"dt-sc-room-item type2\" data-id=\"2512\"><div class=\"image\"><div class=\"image-item\"><a href=\"https:\/\/hotellev.tek05.com\/en\/dt_room\/dvojlozkova-izba-2\/\" ><img decoding=\"async\" width=\"1024\" height=\"768\" src=\"https:\/\/hotellev.tek05.com\/wp-content\/uploads\/2024\/12\/42799187.jpg\" class=\"attachment-full size-full wp-post-image\" alt=\"Dvojl\u00f4\u017ekov\u00e1 izba\" title=\"Dvojl\u00f4\u017ekov\u00e1 izba\" srcset=\"https:\/\/hotellev.tek05.com\/wp-content\/uploads\/2024\/12\/42799187.jpg 1024w, https:\/\/hotellev.tek05.com\/wp-content\/uploads\/2024\/12\/42799187-300x225.jpg 300w, https:\/\/hotellev.tek05.com\/wp-content\/uploads\/2024\/12\/42799187-768x576.jpg 768w, https:\/\/hotellev.tek05.com\/wp-content\/uploads\/2024\/12\/42799187-1000x750.jpg 1000w\" sizes=\"(max-width: 1024px) 100vw, 1024px\" \/><\/a><\/div><\/div><div class=\"room-details\"><div class=\"dt-sc-content-title\"><h4 class=\"dt-sc-room-title\"><a href=\"https:\/\/hotellev.tek05.com\/en\/dt_room\/dvojlozkova-izba-2\/\" title=\"Dvojl\u00f4\u017ekov\u00e1 izba\">Dvojl\u00f4\u017ekov\u00e1 izba<\/a><\/h4><\/div><div class=\"dt-sc-rooms-meta-wrapper\"><div class=\"dt-sc-rooms-people-meta-wrapper\"><span class=\"dt-sc-rooms-people\">2 guest room<\/span><\/div><\/div><div class=\"dt-sc-room-amenities\"><div class=\"dt-sc-room-amenity\"><i class=\"icon-dt-housekeeper\"><\/i><\/div><div class=\"dt-sc-room-amenity\"><i class=\"icon-dt-gym\"><\/i><\/div><div class=\"dt-sc-room-amenity\"><i class=\"icon-dt-wifi\"><\/i><\/div><div class=\"dt-sc-room-amenity\"><i class=\"icon-dt-breakfast\"><\/i><\/div><div class=\"dt-sc-room-amenity\"><i class=\"icon-dt-restaurant\"><\/i><\/div><div class=\"dt-sc-room-amenity\"><i class=\"icon-dt-car-parking\"><\/i><\/div><div class=\"dt-sc-room-amenity\"><i class=\"icon-dt-bath\"><\/i><\/div><div class=\"dt-sc-room-amenity\"><i class=\"icon-dt-spa\"><\/i><\/div><\/div><div class=\"dt-sc-content-button\"><a class=\"dt-sc-button dt-sc-button-textual\" href=\"https:\/\/hotellev.tek05.com\/en\/dt_room\/dvojlozkova-izba-2\/\" title=\"Dvojl\u00f4\u017ekov\u00e1 izba\">Read More<\/a><\/div><\/div><\/div><\/div><div class=\"dt-column\"><div class=\"dt-sc-room-item type2\" data-id=\"2525\"><div class=\"image\"><div class=\"image-item\"><a href=\"https:\/\/hotellev.tek05.com\/en\/dt_room\/apartman-21\/\" ><img decoding=\"async\" width=\"1024\" height=\"768\" src=\"https:\/\/hotellev.tek05.com\/wp-content\/uploads\/2025\/04\/42799169.jpg\" class=\"attachment-full size-full wp-post-image\" alt=\"Apartm\u00e1n 2+1\" title=\"Apartm\u00e1n 2+1\" srcset=\"https:\/\/hotellev.tek05.com\/wp-content\/uploads\/2025\/04\/42799169.jpg 1024w, https:\/\/hotellev.tek05.com\/wp-content\/uploads\/2025\/04\/42799169-300x225.jpg 300w, https:\/\/hotellev.tek05.com\/wp-content\/uploads\/2025\/04\/42799169-768x576.jpg 768w, https:\/\/hotellev.tek05.com\/wp-content\/uploads\/2025\/04\/42799169-1000x750.jpg 1000w\" sizes=\"(max-width: 1024px) 100vw, 1024px\" \/><\/a><\/div><\/div><div class=\"room-details\"><div class=\"dt-sc-content-title\"><h4 class=\"dt-sc-room-title\"><a href=\"https:\/\/hotellev.tek05.com\/en\/dt_room\/apartman-21\/\" title=\"Apartm\u00e1n 2+1\">Apartm\u00e1n 2+1<\/a><\/h4><\/div><div class=\"dt-sc-rooms-meta-wrapper\"><div class=\"dt-sc-rooms-people-meta-wrapper\"><span class=\"dt-sc-rooms-people\">3 guest room<\/span><\/div><\/div><div class=\"dt-sc-room-amenities\"><div class=\"dt-sc-room-amenity\"><i class=\"icon-dt-housekeeper\"><\/i><\/div><div class=\"dt-sc-room-amenity\"><i class=\"icon-dt-gym\"><\/i><\/div><div class=\"dt-sc-room-amenity\"><i class=\"icon-dt-wifi\"><\/i><\/div><div class=\"dt-sc-room-amenity\"><i class=\"icon-dt-breakfast\"><\/i><\/div><div class=\"dt-sc-room-amenity\"><i class=\"icon-dt-restaurant\"><\/i><\/div><div class=\"dt-sc-room-amenity\"><i class=\"icon-dt-car-parking\"><\/i><\/div><div class=\"dt-sc-room-amenity\"><i class=\"icon-dt-bath\"><\/i><\/div><div class=\"dt-sc-room-amenity\"><i class=\"icon-dt-spa\"><\/i><\/div><\/div><div class=\"dt-sc-content-button\"><a class=\"dt-sc-button dt-sc-button-textual\" href=\"https:\/\/hotellev.tek05.com\/en\/dt_room\/apartman-21\/\" title=\"Apartm\u00e1n 2+1\">Read More<\/a><\/div><\/div><\/div><\/div><div class=\"dt-column\"><div class=\"dt-sc-room-item type2\" data-id=\"2544\"><div class=\"image\"><div class=\"image-item\"><a href=\"https:\/\/hotellev.tek05.com\/en\/dt_room\/apartman-22\/\" ><img loading=\"lazy\" decoding=\"async\" width=\"1000\" height=\"662\" src=\"https:\/\/hotellev.tek05.com\/wp-content\/uploads\/2024\/12\/izby01.jpg\" class=\"attachment-full size-full wp-post-image\" alt=\"Apartm\u00e1n 2+2\" title=\"Apartm\u00e1n 2+2\" srcset=\"https:\/\/hotellev.tek05.com\/wp-content\/uploads\/2024\/12\/izby01.jpg 1000w, https:\/\/hotellev.tek05.com\/wp-content\/uploads\/2024\/12\/izby01-300x199.jpg 300w, https:\/\/hotellev.tek05.com\/wp-content\/uploads\/2024\/12\/izby01-768x508.jpg 768w\" sizes=\"(max-width: 1000px) 100vw, 1000px\" \/><\/a><\/div><\/div><div class=\"room-details\"><div class=\"dt-sc-content-title\"><h4 class=\"dt-sc-room-title\"><a href=\"https:\/\/hotellev.tek05.com\/en\/dt_room\/apartman-22\/\" title=\"Apartm\u00e1n 2+2\">Apartm\u00e1n 2+2<\/a><\/h4><\/div><div class=\"dt-sc-rooms-meta-wrapper\"><div class=\"dt-sc-rooms-people-meta-wrapper\"><span class=\"dt-sc-rooms-people\">4 guest room<\/span><\/div><\/div><div class=\"dt-sc-room-amenities\"><div class=\"dt-sc-room-amenity\"><i class=\"icon-dt-housekeeper\"><\/i><\/div><div class=\"dt-sc-room-amenity\"><i class=\"icon-dt-gym\"><\/i><\/div><div class=\"dt-sc-room-amenity\"><i class=\"icon-dt-wifi\"><\/i><\/div><div class=\"dt-sc-room-amenity\"><i class=\"icon-dt-breakfast\"><\/i><\/div><div class=\"dt-sc-room-amenity\"><i class=\"icon-dt-restaurant\"><\/i><\/div><div class=\"dt-sc-room-amenity\"><i class=\"icon-dt-car-parking\"><\/i><\/div><div class=\"dt-sc-room-amenity\"><i class=\"icon-dt-bath\"><\/i><\/div><div class=\"dt-sc-room-amenity\"><i class=\"icon-dt-spa\"><\/i><\/div><\/div><div class=\"dt-sc-content-button\"><a class=\"dt-sc-button dt-sc-button-textual\" href=\"https:\/\/hotellev.tek05.com\/en\/dt_room\/apartman-22\/\" title=\"Apartm\u00e1n 2+2\">Read More<\/a><\/div><\/div><\/div><\/div><\/div><\/div><\/div>\t\t\t\t<\/div>\n\t\t\t\t<\/div>\n\t\t\t\t\t<\/div>\n\t\t<\/div>\n\t\t\t\t\t<\/div>\n\t\t<\/section>\n\t\t\t\t<\/div>","protected":false},"excerpt":{"rendered":"<p>Check-in Check-out Rooms 1 Room2 Rooms3 Rooms4 Rooms5 Rooms6 Rooms7 Rooms8 Rooms9 Rooms10 Rooms11 Rooms12 Rooms13 Rooms14 Rooms15 Rooms16 Rooms17 Rooms18 Rooms19 Rooms20 Rooms Guests Adults 1234567891011121314151617181920 Children 2-12 years old 01234567891011121314151617181920 Infants 0-2 years old 01234567891011121314151617181920 Done For Restful Nights Experience The Extraordinary Malesuada potenti curabitur tristique ultricies odio lobortis. Vulputate himenaeos ex libero [&hellip;]<\/p>","protected":false},"author":1,"featured_media":0,"parent":0,"menu_order":0,"comment_status":"closed","ping_status":"closed","template":"elementor_header_footer","meta":{"footnotes":""},"class_list":["post-517","page","type-page","status-publish","hentry"],"_links":{"self":[{"href":"https:\/\/hotellev.tek05.com\/en\/wp-json\/wp\/v2\/pages\/517","targetHints":{"allow":["GET"]}}],"collection":[{"href":"https:\/\/hotellev.tek05.com\/en\/wp-json\/wp\/v2\/pages"}],"about":[{"href":"https:\/\/hotellev.tek05.com\/en\/wp-json\/wp\/v2\/types\/page"}],"author":[{"embeddable":true,"href":"https:\/\/hotellev.tek05.com\/en\/wp-json\/wp\/v2\/users\/1"}],"replies":[{"embeddable":true,"href":"https:\/\/hotellev.tek05.com\/en\/wp-json\/wp\/v2\/comments?post=517"}],"version-history":[{"count":0,"href":"https:\/\/hotellev.tek05.com\/en\/wp-json\/wp\/v2\/pages\/517\/revisions"}],"wp:attachment":[{"href":"https:\/\/hotellev.tek05.com\/en\/wp-json\/wp\/v2\/media?parent=517"}],"curies":[{"name":"wp","href":"https:\/\/api.w.org\/{rel}","templated":true}]}}