{"id":38,"date":"2024-11-22T13:56:29","date_gmt":"2024-11-22T13:56:29","guid":{"rendered":"https:\/\/hotellev.tek05.com\/?page_id=38"},"modified":"2025-04-02T09:55:46","modified_gmt":"2025-04-02T07:55:46","slug":"rooms-grid-style","status":"publish","type":"page","link":"https:\/\/hotellev.tek05.com\/en\/rooms-grid-style\/","title":{"rendered":"Ponuka na\u0161ich izieb"},"content":{"rendered":"<div data-elementor-type=\"wp-page\" data-elementor-id=\"38\" class=\"elementor elementor-38\" data-elementor-post-type=\"page\">\n\t\t\t\t\t\t<section class=\"elementor-section elementor-top-section elementor-element elementor-element-c161cfa wdt-no-full-section elementor-section-boxed elementor-section-height-default elementor-section-height-default\" data-id=\"c161cfa\" data-element_type=\"section\" data-settings=\"{&quot;background_background&quot;:&quot;classic&quot;,&quot;wdt_bg_image&quot;:{&quot;url&quot;:&quot;&quot;,&quot;id&quot;:&quot;&quot;,&quot;size&quot;:&quot;&quot;},&quot;wdt_bg_image_laptop&quot;:{&quot;url&quot;:&quot;&quot;,&quot;id&quot;:&quot;&quot;,&quot;size&quot;:&quot;&quot;},&quot;wdt_bg_image_tablet_extra&quot;:{&quot;url&quot;:&quot;&quot;,&quot;id&quot;:&quot;&quot;,&quot;size&quot;:&quot;&quot;},&quot;wdt_bg_image_tablet&quot;:{&quot;url&quot;:&quot;&quot;,&quot;id&quot;:&quot;&quot;,&quot;size&quot;:&quot;&quot;},&quot;wdt_bg_image_mobile_extra&quot;:{&quot;url&quot;:&quot;&quot;,&quot;id&quot;:&quot;&quot;,&quot;size&quot;:&quot;&quot;},&quot;wdt_bg_image_mobile&quot;:{&quot;url&quot;:&quot;&quot;,&quot;id&quot;:&quot;&quot;,&quot;size&quot;:&quot;&quot;},&quot;wdt_bg_position&quot;:&quot;center center&quot;,&quot;wdt_animation_effect&quot;:&quot;none&quot;}\">\n\t\t\t\t\t\t<div class=\"elementor-container elementor-column-gap-no\">\n\t\t\t\t\t<div class=\"elementor-column elementor-col-100 elementor-top-column elementor-element elementor-element-9276ebf\" data-id=\"9276ebf\" data-element_type=\"column\">\n\t\t\t<div class=\"elementor-widget-wrap elementor-element-populated\">\n\t\t\t\t\t\t<div class=\"elementor-element elementor-element-1af1c09 elementor-widget elementor-widget-dt-room-search-form\" data-id=\"1af1c09\" data-element_type=\"widget\" data-settings=\"{&quot;wdt_animation_effect&quot;:&quot;none&quot;}\" data-widget_type=\"dt-room-search-form.default\">\n\t\t\t\t<div class=\"elementor-widget-container\">\n\t\t\t\t\t<div class=\"dt-sc-appointment-wrapper wdt-dark-bg\"><form class=\"dt-sc-reservation-form dt-appointment-form\" name=\"reservation-schedule-form\" method=\"get\" action=\"https:\/\/hotellev.tek05.com\/en\/\" data-trp-original-action=\"https:\/\/hotellev.tek05.com\/en\/\"><input type=\"hidden\" name=\"s\" value=\"\"\/><div class=\"dt-sc-room--field\">\r\n\t\t\t\t\t\t\t<div class=\"frm-group\">\r\n\t\t\t\t\t\t\t\t<div class=\"dt-field-label\">\r\n            \t\t\t\t\t\t<label for=\"name\">Check-in<\/label>\r\n          \t\t\t\t\t\t<\/div>\r\n\t\t\t\t\t\t\t\t<div class=\"dt-sc-calendar-group\">\r\n\t\t\t\t\t\t\t\t\t<input type=\"text\" id=\"roomcheckin\" name=\"check_in\" class=\"frm-control\" value=\"2026-04-29\" required>\r\n\t\t\t\t\t\t\t\t\t<span class=\"dt-icon-dt-calendar\"><i class=\"icon-dt-calendar\"><\/i><\/span>\r\n\t\t\t\t\t\t\t\t<\/div>\r\n\t\t\t\t\t\t\t<\/div>\r\n\t\t\t\t\t\t<\/div><div class=\"dt-sc-room--field\">\r\n\t\t\t\t\t\t\t<div class=\"frm-group\">\r\n\t\t\t\t\t\t\t\t<div class=\"dt-field-label\">\r\n\t\t\t\t\t\t\t\t\t<label for=\"name\">Check-out<\/label>\r\n\t\t\t\t\t\t\t\t<\/div>\r\n\t\t\t\t\t\t\t\t<div class=\"dt-sc-calendar-group\">\r\n\t\t\t\t\t\t\t\t\t<input type=\"text\" id=\"roomcheckout\" name=\"check_out\" class=\"frm-control\" value=\"2026-04-30\" required>\r\n\t\t\t\t\t\t\t\t\t<span class=\"dt-icon-dt-calendar\"><i class=\"icon-dt-calendar\"><\/i><\/span>\r\n\t\t\t\t\t\t\t\t<\/div>\r\n\t\t\t\t\t\t\t<\/div>\r\n\t\t\t\t\t\t<\/div><div class=\"dt-sc-room--field\">\r\n\t\t\t\t\t\t\t<div class=\"frm-group\">\r\n\t\t\t\t\t\t\t\t<div class=\"dt-field-label\">\r\n\t\t\t\t\t\t\t\t\t<label for=\"name\">Rooms<\/label>\r\n\t\t\t\t\t\t\t\t<\/div>\r\n\t\t\t\t\t\t\t\t<select name=\"rooms\" id=\"rooms\" class=\"dt-select-room frm-control\">\r\n\t\t\t\t\t\t\t\t<option value=\"\"><\/option><option value=\"1\"  selected='selected'>1 Room<\/option><option value=\"2\" >2 Rooms<\/option><option value=\"3\" >3 Rooms<\/option><option value=\"4\" >4 Rooms<\/option><option value=\"5\" >5 Rooms<\/option><option value=\"6\" >6 Rooms<\/option><option value=\"7\" >7 Rooms<\/option><option value=\"8\" >8 Rooms<\/option><option value=\"9\" >9 Rooms<\/option><option value=\"10\" >10 Rooms<\/option><option value=\"11\" >11 Rooms<\/option><option value=\"12\" >12 Rooms<\/option><option value=\"13\" >13 Rooms<\/option><option value=\"14\" >14 Rooms<\/option><option value=\"15\" >15 Rooms<\/option><option value=\"16\" >16 Rooms<\/option><option value=\"17\" >17 Rooms<\/option><option value=\"18\" >18 Rooms<\/option><option value=\"19\" >19 Rooms<\/option><option value=\"20\" >20 Rooms<\/option><\/select>\r\n\t\t\t\t\t\t\t<\/div>\r\n\t\t\t\t\t\t<\/div><div class=\"dt-sc-room--field\">\r\n\t\t\t\t\t\t\t<div class=\"frm-group\">\r\n\t\t\t\t\t\t\t\t<div class=\"dt-field-label\">\r\n\t\t\t\t\t\t\t\t\t<label for=\"persons\">Guests<\/label>\r\n\t\t\t\t\t\t\t\t\t<div class=\"dt-sc-guests-group\">\r\n\t\t\t\t\t\t\t\t\t\t<input type=\"text\" class=\"frm-control dt--guests\" name=\"guests\" value=\"\" readonly \/>\r\n\t\t\t\t\t\t\t\t\t\t<span class=\"dt-drop--down\"><\/span>\r\n\t\t\t\t\t\t\t\t\t<\/div>\r\n\t\t\t\t\t\t\t\t<\/div>\r\n\t\t\t\t\t\t\t\t<div class=\"dt-sc-field-persons\">\r\n\t\t\t\t\t\t\t\t\t<div class=\"dt-sc-field-person dt-sc--adult\">\r\n\t\t\t\t\t\t\t\t\t\t<div class=\"dt-sc-e-label\">\r\n\t\t\t\t\t\t\t\t\t\t\t<span class=\"dt-sc-e-label-text\">Adults<\/span>\r\n\t\t\t\t\t\t\t\t\t\t<\/div>\r\n\t\t\t\t\t\t\t\t\t\t<select name=\"adult\" class=\"dt-select-person frm-control\" data-singular-label=\"Adult\" data-plural-label=\"Adults\"><option value=\"1\"  selected='selected'>1<\/option><option value=\"2\" >2<\/option><option value=\"3\" >3<\/option><option value=\"4\" >4<\/option><option value=\"5\" >5<\/option><option value=\"6\" >6<\/option><option value=\"7\" >7<\/option><option value=\"8\" >8<\/option><option value=\"9\" >9<\/option><option value=\"10\" >10<\/option><option value=\"11\" >11<\/option><option value=\"12\" >12<\/option><option value=\"13\" >13<\/option><option value=\"14\" >14<\/option><option value=\"15\" >15<\/option><option value=\"16\" >16<\/option><option value=\"17\" >17<\/option><option value=\"18\" >18<\/option><option value=\"19\" >19<\/option><option value=\"20\" >20<\/option><\/select>\r\n\t\t\t\t\t\t\t\t\t\t\t<\/div>\r\n\t\t\t\t\t\t\t\t\t\t\t<div class=\"dt-sc-field-person dt-sc--children\">\r\n\t\t\t\t\t\t\t\t\t\t\t\t<div class=\"dt-sc-e-label\">\r\n\t\t\t\t\t\t\t\t\t\t\t\t\t<span class=\"dt-sc-e-label-text\">Children<\/span>\r\n\t\t\t\t\t\t\t\t\t\t\t\t\t<span class=\"dt-sc-e-label-description\">2-12 years old<\/span>\r\n\t\t\t\t\t\t\t\t\t\t\t\t<\/div>\r\n\t\t\t\t\t\t\t\t\t\t\t\t<select name=\"children\" class=\"dt-select-person frm-control\" data-singular-label=\"Child\" data-plural-label=\"Children\"><option value=\"0\"  selected='selected'>0<\/option><option value=\"1\" >1<\/option><option value=\"2\" >2<\/option><option value=\"3\" >3<\/option><option value=\"4\" >4<\/option><option value=\"5\" >5<\/option><option value=\"6\" >6<\/option><option value=\"7\" >7<\/option><option value=\"8\" >8<\/option><option value=\"9\" >9<\/option><option value=\"10\" >10<\/option><option value=\"11\" >11<\/option><option value=\"12\" >12<\/option><option value=\"13\" >13<\/option><option value=\"14\" >14<\/option><option value=\"15\" >15<\/option><option value=\"16\" >16<\/option><option value=\"17\" >17<\/option><option value=\"18\" >18<\/option><option value=\"19\" >19<\/option><option value=\"20\" >20<\/option><\/select>\r\n\t\t\t\t\t\t\t\t\t\t\t<\/div>\r\n\t\t\t\t\t\t\t\t\t\t\t<div class=\"dt-sc-field-person dt-sc--infant\">\r\n\t\t\t\t\t\t\t\t\t\t\t\t<div class=\"dt-sc-e-label\">\r\n\t\t\t\t\t\t\t\t\t\t\t\t\t<span class=\"dt-sc-e-label-text\">Infants<\/span>\r\n\t\t\t\t\t\t\t\t\t\t\t\t\t<span class=\"dt-sc-e-label-description\">0-2 years old<\/span>\r\n\t\t\t\t\t\t\t\t\t\t\t\t<\/div>\r\n\t\t\t\t\t\t\t\t\t\t\t\t<select name=\"infant\" class=\"dt-select-person frm-control\" data-singular-label=\"Infant\" data-plural-label=\"Infants\"><option value=\"0\"  selected='selected'>0<\/option><option value=\"1\" >1<\/option><option value=\"2\" >2<\/option><option value=\"3\" >3<\/option><option value=\"4\" >4<\/option><option value=\"5\" >5<\/option><option value=\"6\" >6<\/option><option value=\"7\" >7<\/option><option value=\"8\" >8<\/option><option value=\"9\" >9<\/option><option value=\"10\" >10<\/option><option value=\"11\" >11<\/option><option value=\"12\" >12<\/option><option value=\"13\" >13<\/option><option value=\"14\" >14<\/option><option value=\"15\" >15<\/option><option value=\"16\" >16<\/option><option value=\"17\" >17<\/option><option value=\"18\" >18<\/option><option value=\"19\" >19<\/option><option value=\"20\" >20<\/option><\/select>\r\n\t\t\t\t\t\t\t\t\t\t\t<\/div>\r\n\t\t\t\t\t\t\t\t\t\t\t<div class=\"dt-sc-field-person dt-sc--button\">\r\n\t\t\t\t\t\t\t\t\t\t\t\t<button type=\"button\" class=\"dt-sc-button dt-sc-full-width\">\r\n\t\t\t\t\t\t\t\t\t\t\t\t\tDone\r\n\t\t\t\t\t\t\t\t\t\t\t\t<\/button>\r\n\t\t\t\t\t\t\t\t\t\t\t<\/div>\r\n\t\t\t\t\t\t\t\t\t\t<\/div>\r\n\t\t\t\t\t\t\t\t\t<\/div>\r\n\t\t\t\t\t\t\t\t<\/div><div class=\"dt-sc-room--field\">\r\n\t\t\t\t\t\t\t<div class=\"dt-sc-full-width\">\r\n\t\t\t\t\t\t\t\t<input name=\"subschedule\" class=\"dt-sc-button dt-sc-full-width\" value=\"Check Availability\" type=\"submit\">\r\n\t\t\t\t\t\t\t<\/div>\r\n\t\t\t\t\t\t<\/div><input type=\"hidden\" name=\"trp-form-language\" value=\"en\"\/><\/form><\/div>\t\t\t\t<\/div>\n\t\t\t\t<\/div>\n\t\t\t\t\t<\/div>\n\t\t<\/div>\n\t\t\t\t\t<\/div>\n\t\t<\/section>\n\t\t\t\t<section class=\"elementor-section elementor-top-section elementor-element elementor-element-d833903 wdt-no-full-section elementor-section-boxed elementor-section-height-default elementor-section-height-default\" data-id=\"d833903\" data-element_type=\"section\" data-settings=\"{&quot;background_background&quot;:&quot;classic&quot;,&quot;wdt_bg_image&quot;:{&quot;url&quot;:&quot;&quot;,&quot;id&quot;:&quot;&quot;,&quot;size&quot;:&quot;&quot;},&quot;wdt_bg_image_laptop&quot;:{&quot;url&quot;:&quot;&quot;,&quot;id&quot;:&quot;&quot;,&quot;size&quot;:&quot;&quot;},&quot;wdt_bg_image_tablet_extra&quot;:{&quot;url&quot;:&quot;&quot;,&quot;id&quot;:&quot;&quot;,&quot;size&quot;:&quot;&quot;},&quot;wdt_bg_image_tablet&quot;:{&quot;url&quot;:&quot;&quot;,&quot;id&quot;:&quot;&quot;,&quot;size&quot;:&quot;&quot;},&quot;wdt_bg_image_mobile_extra&quot;:{&quot;url&quot;:&quot;&quot;,&quot;id&quot;:&quot;&quot;,&quot;size&quot;:&quot;&quot;},&quot;wdt_bg_image_mobile&quot;:{&quot;url&quot;:&quot;&quot;,&quot;id&quot;:&quot;&quot;,&quot;size&quot;:&quot;&quot;},&quot;wdt_bg_position&quot;:&quot;center center&quot;,&quot;wdt_animation_effect&quot;:&quot;none&quot;}\">\n\t\t\t\t\t\t<div class=\"elementor-container elementor-column-gap-no\">\n\t\t\t\t\t<div class=\"elementor-column elementor-col-100 elementor-top-column elementor-element elementor-element-e6058bc\" data-id=\"e6058bc\" data-element_type=\"column\">\n\t\t\t<div class=\"elementor-widget-wrap elementor-element-populated\">\n\t\t\t\t\t\t<section class=\"elementor-section elementor-inner-section elementor-element elementor-element-4ba48e2 elementor-section-full_width wdt-section-space-between elementor-section-height-default elementor-section-height-default\" data-id=\"4ba48e2\" data-element_type=\"section\" data-settings=\"{&quot;wdt_bg_image&quot;:{&quot;url&quot;:&quot;&quot;,&quot;id&quot;:&quot;&quot;,&quot;size&quot;:&quot;&quot;},&quot;wdt_bg_image_laptop&quot;:{&quot;url&quot;:&quot;&quot;,&quot;id&quot;:&quot;&quot;,&quot;size&quot;:&quot;&quot;},&quot;wdt_bg_image_tablet_extra&quot;:{&quot;url&quot;:&quot;&quot;,&quot;id&quot;:&quot;&quot;,&quot;size&quot;:&quot;&quot;},&quot;wdt_bg_image_tablet&quot;:{&quot;url&quot;:&quot;&quot;,&quot;id&quot;:&quot;&quot;,&quot;size&quot;:&quot;&quot;},&quot;wdt_bg_image_mobile_extra&quot;:{&quot;url&quot;:&quot;&quot;,&quot;id&quot;:&quot;&quot;,&quot;size&quot;:&quot;&quot;},&quot;wdt_bg_image_mobile&quot;:{&quot;url&quot;:&quot;&quot;,&quot;id&quot;:&quot;&quot;,&quot;size&quot;:&quot;&quot;},&quot;wdt_bg_position&quot;:&quot;center center&quot;,&quot;wdt_animation_effect&quot;:&quot;none&quot;}\">\n\t\t\t\t\t\t<div class=\"elementor-container elementor-column-gap-no\">\n\t\t\t\t\t<div class=\"elementor-column elementor-col-33 elementor-inner-column elementor-element elementor-element-a7ec82d elementor-hidden-mobile_extra elementor-hidden-mobile\" data-id=\"a7ec82d\" data-element_type=\"column\">\n\t\t\t<div class=\"elementor-widget-wrap\">\n\t\t\t\t\t\t\t<\/div>\n\t\t<\/div>\n\t\t\t\t<div class=\"elementor-column elementor-col-33 elementor-inner-column elementor-element elementor-element-8720d6d\" data-id=\"8720d6d\" data-element_type=\"column\">\n\t\t\t<div class=\"elementor-widget-wrap elementor-element-populated\">\n\t\t\t\t\t\t<div class=\"elementor-element elementor-element-696aa49 elementor-invisible elementor-widget elementor-widget-wdt-heading\" data-id=\"696aa49\" data-element_type=\"widget\" data-settings=\"{&quot;_animation&quot;:&quot;fadeInLeft&quot;,&quot;title_vertical_align&quot;:&quot;center&quot;,&quot;subtitle_vertical_align&quot;:&quot;center&quot;,&quot;wdt_animation_effect&quot;:&quot;none&quot;}\" data-widget_type=\"wdt-heading.default\">\n\t\t\t\t<div class=\"elementor-widget-container\">\n\t\t\t\t\t<div class=\"wdt-heading-holder\" id=\"wdt-heading-696aa49\"><div class=\"wdt-heading-subtitle-wrapper wdt-heading-align-center\"><span class=\"wdt-heading-subtitle\">Unik\u00e1tne Izby<\/span><\/div><h2 class=\"wdt-heading-title-wrapper wdt-heading-align-center wdt-heading-deco-wrapper\"><span class=\"wdt-heading-title\">\u0160t\u00fdlov\u00e9 izby pre v\u00e1\u0161 pohodln\u00fd pobyt<\/span><\/h2><div class=\"wdt-heading-content-wrapper\">U\u017eite si jedine\u010dn\u00fa atmosf\u00e9ru historick\u00e9ho hotela s modern\u00fdm vybaven\u00edm, kvalitn\u00fdmi slu\u017ebami a d\u00f4razom na detail.<\/div><\/div>\t\t\t\t<\/div>\n\t\t\t\t<\/div>\n\t\t\t\t\t<\/div>\n\t\t<\/div>\n\t\t\t\t<div class=\"elementor-column elementor-col-33 elementor-inner-column elementor-element elementor-element-3d18c3a elementor-hidden-mobile_extra elementor-hidden-mobile\" data-id=\"3d18c3a\" data-element_type=\"column\">\n\t\t\t<div class=\"elementor-widget-wrap\">\n\t\t\t\t\t\t\t<\/div>\n\t\t<\/div>\n\t\t\t\t\t<\/div>\n\t\t<\/section>\n\t\t\t\t<div class=\"elementor-element elementor-element-d0a7685 elementor-invisible elementor-widget elementor-widget-dt-room-list\" data-id=\"d0a7685\" data-element_type=\"widget\" data-settings=\"{&quot;columns&quot;:&quot;2&quot;,&quot;columns_laptop&quot;:&quot;3&quot;,&quot;_animation&quot;:&quot;fadeInRight&quot;,&quot;columns_tablet_extra&quot;:2,&quot;columns_tablet&quot;:2,&quot;columns_mobile_extra&quot;:1,&quot;columns_mobile&quot;:1,&quot;wdt_animation_effect&quot;:&quot;none&quot;}\" data-widget_type=\"dt-room-list.default\">\n\t\t\t\t<div class=\"elementor-widget-container\">\n\t\t\t\t\t<div class=\"dt-rooms-item-holder dt-content-item-holder dt-column-holder dt-rooms-list\" id=\"dt-rooms-item-d0a7685\" data-settings=\"\"><div class=\"dt-column-wrapper dt-column-gap-custom\" data-column-settings=\"\" data-module-id=\"dt-module-id-d0a7685\" id=\"dt-module-id-d0a7685\"><div class=\"dt-sc-room-item dt-column\"><div class=\"dt-sc-content-item dt-e-room-item\"><div class=\"dt-sc-content-media-group\"><div class=\"dt-sc-content-elements-group\"><div class=\"dt-sc-room-list-image\"><img fetchpriority=\"high\" decoding=\"async\" width=\"1000\" height=\"662\" src=\"https:\/\/hotellev.tek05.com\/wp-content\/uploads\/2024\/12\/izby01.jpg\" class=\"attachment-full size-full wp-post-image\" alt=\"Apartm\u00e1n 2+2\" title=\"Apartm\u00e1n 2+2\" srcset=\"https:\/\/hotellev.tek05.com\/wp-content\/uploads\/2024\/12\/izby01.jpg 1000w, https:\/\/hotellev.tek05.com\/wp-content\/uploads\/2024\/12\/izby01-300x199.jpg 300w, https:\/\/hotellev.tek05.com\/wp-content\/uploads\/2024\/12\/izby01-768x508.jpg 768w\" sizes=\"(max-width: 1000px) 100vw, 1000px\" \/><\/div><div class=\"dt-sc-room-price-item\"><span class=\"dt-sc-room-price\">&euro;120 \/ Night <\/span><\/div><\/div><\/div><div class=\"dt-sc-content-detail-group room-details\"><div class=\"dt-sc-content-title\"><h4 class=\"dt-sc-room-title\"><a href=\"https:\/\/hotellev.tek05.com\/en\/dt_room\/apartman-22\/\" title=\"Apartm\u00e1n 2+2\">Apartm\u00e1n 2+2<\/a><\/h4><\/div><div class=\"dt-sc-content-description\"><p>Priestrann\u00fd apartm\u00e1n 2+2 je ide\u00e1lnou vo\u013ebou pre dve dospel\u00e9 osoby alebo...<\/p><\/div><div class=\"dt-sc-rooms-meta-wrapper\"><div class=\"dt-sc-rooms-size-meta-wrapper\"><span class=\"dt-sc-rooms-icon\"><i class=\"icon-dt-sq-fit\"><\/i><\/span><span class=\"dt-sc-rooms-size\">50 m\u00b2<\/span><\/div><div class=\"dt-sc-rooms-people-meta-wrapper\"><span class=\"dt-sc-rooms-icon\"><i class=\"icon-dt-guests\"><\/i><\/span><span class=\"dt-sc-rooms-people\">4 Guests<\/span><\/div><\/div><div class=\"dt-sc-content-button\"><a class=\"dt-sc-button dt-sc-button-textual\" href=\"https:\/\/hotellev.tek05.com\/en\/dt_room\/apartman-22\/\" title=\"Apartm\u00e1n 2+2\">Read More<\/a><\/div><\/div><\/div><\/div><div class=\"dt-sc-room-item dt-column\"><div class=\"dt-sc-content-item dt-e-room-item\"><div class=\"dt-sc-content-media-group\"><div class=\"dt-sc-content-elements-group\"><div class=\"dt-sc-room-list-image\"><img decoding=\"async\" width=\"1024\" height=\"768\" src=\"https:\/\/hotellev.tek05.com\/wp-content\/uploads\/2025\/04\/42799169.jpg\" class=\"attachment-full size-full wp-post-image\" alt=\"Apartm\u00e1n 2+1\" title=\"Apartm\u00e1n 2+1\" srcset=\"https:\/\/hotellev.tek05.com\/wp-content\/uploads\/2025\/04\/42799169.jpg 1024w, https:\/\/hotellev.tek05.com\/wp-content\/uploads\/2025\/04\/42799169-300x225.jpg 300w, https:\/\/hotellev.tek05.com\/wp-content\/uploads\/2025\/04\/42799169-768x576.jpg 768w, https:\/\/hotellev.tek05.com\/wp-content\/uploads\/2025\/04\/42799169-1000x750.jpg 1000w\" sizes=\"(max-width: 1024px) 100vw, 1024px\" \/><\/div><div class=\"dt-sc-room-price-item\"><span class=\"dt-sc-room-price\">&euro;105 \/ Night <\/span><\/div><\/div><\/div><div class=\"dt-sc-content-detail-group room-details\"><div class=\"dt-sc-content-title\"><h4 class=\"dt-sc-room-title\"><a href=\"https:\/\/hotellev.tek05.com\/en\/dt_room\/apartman-21\/\" title=\"Apartm\u00e1n 2+1\">Apartm\u00e1n 2+1<\/a><\/h4><\/div><div class=\"dt-sc-content-description\"><p>Elegantn\u00fd apartm\u00e1n 2+1 pon\u00faka ide\u00e1lne ubytovanie pre p\u00e1r, rodinu s die\u0165a\u0165om...<\/p><\/div><div class=\"dt-sc-rooms-meta-wrapper\"><div class=\"dt-sc-rooms-size-meta-wrapper\"><span class=\"dt-sc-rooms-icon\"><i class=\"icon-dt-sq-fit\"><\/i><\/span><span class=\"dt-sc-rooms-size\">25 m\u00b2<\/span><\/div><div class=\"dt-sc-rooms-people-meta-wrapper\"><span class=\"dt-sc-rooms-icon\"><i class=\"icon-dt-guests\"><\/i><\/span><span class=\"dt-sc-rooms-people\">3 Guests<\/span><\/div><\/div><div class=\"dt-sc-content-button\"><a class=\"dt-sc-button dt-sc-button-textual\" href=\"https:\/\/hotellev.tek05.com\/en\/dt_room\/apartman-21\/\" title=\"Apartm\u00e1n 2+1\">Read More<\/a><\/div><\/div><\/div><\/div><div class=\"dt-sc-room-item dt-column\"><div class=\"dt-sc-content-item dt-e-room-item\"><div class=\"dt-sc-content-media-group\"><div class=\"dt-sc-content-elements-group\"><div class=\"dt-sc-room-list-image\"><img decoding=\"async\" width=\"1024\" height=\"768\" src=\"https:\/\/hotellev.tek05.com\/wp-content\/uploads\/2024\/12\/42799187.jpg\" class=\"attachment-full size-full wp-post-image\" alt=\"Dvojl\u00f4\u017ekov\u00e1 izba\" title=\"Dvojl\u00f4\u017ekov\u00e1 izba\" srcset=\"https:\/\/hotellev.tek05.com\/wp-content\/uploads\/2024\/12\/42799187.jpg 1024w, https:\/\/hotellev.tek05.com\/wp-content\/uploads\/2024\/12\/42799187-300x225.jpg 300w, https:\/\/hotellev.tek05.com\/wp-content\/uploads\/2024\/12\/42799187-768x576.jpg 768w, https:\/\/hotellev.tek05.com\/wp-content\/uploads\/2024\/12\/42799187-1000x750.jpg 1000w\" sizes=\"(max-width: 1024px) 100vw, 1024px\" \/><\/div><div class=\"dt-sc-room-price-item\"><span class=\"dt-sc-room-price\">&euro;79 \/ Night <\/span><\/div><\/div><\/div><div class=\"dt-sc-content-detail-group room-details\"><div class=\"dt-sc-content-title\"><h4 class=\"dt-sc-room-title\"><a href=\"https:\/\/hotellev.tek05.com\/en\/dt_room\/dvojlozkova-izba-2\/\" title=\"Dvojl\u00f4\u017ekov\u00e1 izba\">Dvojl\u00f4\u017ekov\u00e1 izba<\/a><\/h4><\/div><div class=\"dt-sc-content-description\"><p>Priestrann\u00e1 dvojl\u00f4\u017ekov\u00e1 izba je ide\u00e1lnou vo\u013ebou pre p\u00e1ry, jednotlivcov h\u013eadaj\u00facich v\u00e4\u010d\u0161\u00ed...<\/p><\/div><div class=\"dt-sc-rooms-meta-wrapper\"><div class=\"dt-sc-rooms-size-meta-wrapper\"><span class=\"dt-sc-rooms-icon\"><i class=\"icon-dt-sq-fit\"><\/i><\/span><span class=\"dt-sc-rooms-size\">25 m\u00b2<\/span><\/div><div class=\"dt-sc-rooms-people-meta-wrapper\"><span class=\"dt-sc-rooms-icon\"><i class=\"icon-dt-guests\"><\/i><\/span><span class=\"dt-sc-rooms-people\">2 Guests<\/span><\/div><\/div><div class=\"dt-sc-content-button\"><a class=\"dt-sc-button dt-sc-button-textual\" href=\"https:\/\/hotellev.tek05.com\/en\/dt_room\/dvojlozkova-izba-2\/\" title=\"Dvojl\u00f4\u017ekov\u00e1 izba\">Read More<\/a><\/div><\/div><\/div><\/div><div class=\"dt-sc-room-item dt-column\"><div class=\"dt-sc-content-item dt-e-room-item\"><div class=\"dt-sc-content-media-group\"><div class=\"dt-sc-content-elements-group\"><div class=\"dt-sc-room-list-image\"><img loading=\"lazy\" decoding=\"async\" width=\"1024\" height=\"768\" src=\"https:\/\/hotellev.tek05.com\/wp-content\/uploads\/2024\/12\/42799148.jpg\" class=\"attachment-full size-full wp-post-image\" alt=\"Jednol\u00f4\u017ekov\u00e1 izba\" title=\"Jednol\u00f4\u017ekov\u00e1 izba\" srcset=\"https:\/\/hotellev.tek05.com\/wp-content\/uploads\/2024\/12\/42799148.jpg 1024w, https:\/\/hotellev.tek05.com\/wp-content\/uploads\/2024\/12\/42799148-300x225.jpg 300w, https:\/\/hotellev.tek05.com\/wp-content\/uploads\/2024\/12\/42799148-768x576.jpg 768w, https:\/\/hotellev.tek05.com\/wp-content\/uploads\/2024\/12\/42799148-1000x750.jpg 1000w\" sizes=\"(max-width: 1024px) 100vw, 1024px\" \/><\/div><div class=\"dt-sc-room-price-item\"><span class=\"dt-sc-room-price\">&euro;64 \/ Night <\/span><\/div><\/div><\/div><div class=\"dt-sc-content-detail-group room-details\"><div class=\"dt-sc-content-title\"><h4 class=\"dt-sc-room-title\"><a href=\"https:\/\/hotellev.tek05.com\/en\/dt_room\/jednolozkova-izba\/\" title=\"Jednol\u00f4\u017ekov\u00e1 izba\">Jednol\u00f4\u017ekov\u00e1 izba<\/a><\/h4><\/div><div class=\"dt-sc-content-description\"><p>T\u00e1to \u00fatuln\u00e1 jednol\u00f4\u017ekov\u00e1 izba je ide\u00e1lnou vo\u013ebou pre jednotlivcov h\u013eadaj\u00facich pokojn\u00e9...<\/p><\/div><div class=\"dt-sc-rooms-meta-wrapper\"><div class=\"dt-sc-rooms-size-meta-wrapper\"><span class=\"dt-sc-rooms-icon\"><i class=\"icon-dt-sq-fit\"><\/i><\/span><span class=\"dt-sc-rooms-size\">18 m\u00b2<\/span><\/div><div class=\"dt-sc-rooms-people-meta-wrapper\"><span class=\"dt-sc-rooms-icon\"><i class=\"icon-dt-guests\"><\/i><\/span><span class=\"dt-sc-rooms-people\">1 Guests<\/span><\/div><\/div><div class=\"dt-sc-content-button\"><a class=\"dt-sc-button dt-sc-button-textual\" href=\"https:\/\/hotellev.tek05.com\/en\/dt_room\/jednolozkova-izba\/\" title=\"Jednol\u00f4\u017ekov\u00e1 izba\">Read More<\/a><\/div><\/div><\/div><\/div><\/div><\/div>\t\t\t\t<\/div>\n\t\t\t\t<\/div>\n\t\t\t\t\t<\/div>\n\t\t<\/div>\n\t\t\t\t\t<\/div>\n\t\t<\/section>\n\t\t\t\t<\/div>","protected":false},"excerpt":{"rendered":"<p>Check-in Check-out Po\u010det Izieb 1 Room2 Rooms3 Rooms4 Rooms5 Rooms6 Rooms7 Rooms8 Rooms9 Rooms10 Rooms11 Rooms12 Rooms13 Rooms14 Rooms15 Rooms16 Rooms17 Rooms18 Rooms19 Rooms20 Rooms Po\u010det host\u00ed Dospel\u00ed 1234567891011121314151617181920 Deti 2-12 rokov 01234567891011121314151617181920 Novorodenci 0-2 rokov 01234567891011121314151617181920 Hotovo Unik\u00e1tne Izby \u0160t\u00fdlov\u00e9 izby pre v\u00e1\u0161 pohodln\u00fd pobyt U\u017eite si jedine\u010dn\u00fa atmosf\u00e9ru historick\u00e9ho hotela s modern\u00fdm vybaven\u00edm, [&hellip;]<\/p>","protected":false},"author":1,"featured_media":0,"parent":0,"menu_order":0,"comment_status":"closed","ping_status":"closed","template":"elementor_header_footer","meta":{"footnotes":""},"class_list":["post-38","page","type-page","status-publish","hentry"],"_links":{"self":[{"href":"https:\/\/hotellev.tek05.com\/en\/wp-json\/wp\/v2\/pages\/38","targetHints":{"allow":["GET"]}}],"collection":[{"href":"https:\/\/hotellev.tek05.com\/en\/wp-json\/wp\/v2\/pages"}],"about":[{"href":"https:\/\/hotellev.tek05.com\/en\/wp-json\/wp\/v2\/types\/page"}],"author":[{"embeddable":true,"href":"https:\/\/hotellev.tek05.com\/en\/wp-json\/wp\/v2\/users\/1"}],"replies":[{"embeddable":true,"href":"https:\/\/hotellev.tek05.com\/en\/wp-json\/wp\/v2\/comments?post=38"}],"version-history":[{"count":25,"href":"https:\/\/hotellev.tek05.com\/en\/wp-json\/wp\/v2\/pages\/38\/revisions"}],"predecessor-version":[{"id":2410,"href":"https:\/\/hotellev.tek05.com\/en\/wp-json\/wp\/v2\/pages\/38\/revisions\/2410"}],"wp:attachment":[{"href":"https:\/\/hotellev.tek05.com\/en\/wp-json\/wp\/v2\/media?parent=38"}],"curies":[{"name":"wp","href":"https:\/\/api.w.org\/{rel}","templated":true}]}}