{"id":288,"date":"2024-12-07T06:20:21","date_gmt":"2024-12-07T06:20:21","guid":{"rendered":"https:\/\/hotellev.tek05.com\/?page_id=288"},"modified":"2025-03-29T11:18:33","modified_gmt":"2025-03-29T10:18:33","slug":"amenities","status":"publish","type":"page","link":"https:\/\/hotellev.tek05.com\/en\/amenities\/","title":{"rendered":"Amenities"},"content":{"rendered":"<div data-elementor-type=\"wp-page\" data-elementor-id=\"288\" class=\"elementor elementor-288\" data-elementor-post-type=\"page\">\n\t\t\t\t\t\t<section class=\"elementor-section elementor-top-section elementor-element elementor-element-59db08e wdt-no-full-section elementor-section-boxed elementor-section-height-default elementor-section-height-default\" data-id=\"59db08e\" data-element_type=\"section\" data-settings=\"{&quot;wdt_bg_image&quot;:{&quot;url&quot;:&quot;&quot;,&quot;id&quot;:&quot;&quot;,&quot;size&quot;:&quot;&quot;},&quot;wdt_bg_image_laptop&quot;:{&quot;url&quot;:&quot;&quot;,&quot;id&quot;:&quot;&quot;,&quot;size&quot;:&quot;&quot;},&quot;wdt_bg_image_tablet_extra&quot;:{&quot;url&quot;:&quot;&quot;,&quot;id&quot;:&quot;&quot;,&quot;size&quot;:&quot;&quot;},&quot;wdt_bg_image_tablet&quot;:{&quot;url&quot;:&quot;&quot;,&quot;id&quot;:&quot;&quot;,&quot;size&quot;:&quot;&quot;},&quot;wdt_bg_image_mobile_extra&quot;:{&quot;url&quot;:&quot;&quot;,&quot;id&quot;:&quot;&quot;,&quot;size&quot;:&quot;&quot;},&quot;wdt_bg_image_mobile&quot;:{&quot;url&quot;:&quot;&quot;,&quot;id&quot;:&quot;&quot;,&quot;size&quot;:&quot;&quot;},&quot;wdt_bg_position&quot;:&quot;center center&quot;,&quot;wdt_animation_effect&quot;:&quot;none&quot;}\">\n\t\t\t\t\t\t<div class=\"elementor-container elementor-column-gap-no\">\n\t\t\t\t\t<div class=\"elementor-column elementor-col-100 elementor-top-column elementor-element elementor-element-70fb2e6\" data-id=\"70fb2e6\" data-element_type=\"column\">\n\t\t\t<div class=\"elementor-widget-wrap elementor-element-populated\">\n\t\t\t\t\t\t<div class=\"elementor-element elementor-element-bd3b7c5 elementor-widget elementor-widget-dt-amenity-item\" data-id=\"bd3b7c5\" data-element_type=\"widget\" data-settings=\"{&quot;wdt_animation_effect&quot;:&quot;none&quot;}\" data-widget_type=\"dt-amenity-item.default\">\n\t\t\t\t<div class=\"elementor-widget-container\">\n\t\t\t\t\t<div class=\"dt-amenity-item-holder dt-content-item-holder dt-column-holder dt-sc-amenity-items-container\" id=\"dt-amenity-item-bd3b7c5\"><div class=\"dt-sc-amenity-item type1\"><div class=\"dt-sc-amenity-image\"><img decoding=\"async\" src=\"https:\/\/hotellev.tek05.com\/wp-content\/uploads\/2025\/01\/amenities-1-05.jpg\" alt=\"Budenie Image\"><\/div><div class=\"dt-sc-content-button\"><a class=\"dt-sc-button\" href=\"https:\/\/hotellev.tek05.com\/en\/dt_room_amenity\/budenie\/\">Read More<\/a><\/div>  <div class=\"dt-sc-amenity-item-inner\"><div class=\"dt-sc-content-title\"><h4 class=\"dt-sc-amenity-title\"><a href=\"https:\/\/hotellev.tek05.com\/en\/dt_room_amenity\/budenie\/\" title=\"Budenie\">Budenie<\/a><\/h4><\/div><\/div><\/div><div class=\"dt-sc-amenity-item type1\"><div class=\"dt-sc-amenity-image\"><img decoding=\"async\" src=\"https:\/\/hotellev.tek05.com\/wp-content\/uploads\/2025\/01\/amenities-1-08.jpg\" alt=\"Denn\u00e9 upratovanie Image\"><\/div><div class=\"dt-sc-content-button\"><a class=\"dt-sc-button\" href=\"https:\/\/hotellev.tek05.com\/en\/dt_room_amenity\/cleaning\/\">Read More<\/a><\/div>  <div class=\"dt-sc-amenity-item-inner\"><div class=\"dt-sc-content-title\"><h4 class=\"dt-sc-amenity-title\"><a href=\"https:\/\/hotellev.tek05.com\/en\/dt_room_amenity\/cleaning\/\" title=\"Denn\u00e9 upratovanie\">Denn\u00e9 upratovanie<\/a><\/h4><\/div><div class=\"dt-content-container\"><p> Accumsan habitant tellus conubia neque posuere lacinia augue semper. Aliquet porttitor magnis a feugiat curae. <\/p>\n<\/div><\/div><\/div><div class=\"dt-sc-amenity-item type1\"><div class=\"dt-sc-amenity-image\"><img decoding=\"async\" src=\"https:\/\/hotellev.tek05.com\/wp-content\/uploads\/2025\/01\/amenities-1-11.jpg\" alt=\"Fitness Image\"><\/div><div class=\"dt-sc-content-button\"><a class=\"dt-sc-button\" href=\"https:\/\/hotellev.tek05.com\/en\/dt_room_amenity\/fitness\/\">Read More<\/a><\/div>  <div class=\"dt-sc-amenity-item-inner\"><div class=\"dt-sc-content-title\"><h4 class=\"dt-sc-amenity-title\"><a href=\"https:\/\/hotellev.tek05.com\/en\/dt_room_amenity\/fitness\/\" title=\"Fitness\">Fitness<\/a><\/h4><\/div><\/div><\/div><div class=\"dt-sc-amenity-item type1\"><div class=\"dt-sc-amenity-image\"><img decoding=\"async\" src=\"https:\/\/hotellev.tek05.com\/wp-content\/uploads\/2025\/01\/amenities-1-07.jpg\" alt=\"Free WiFi Image\"><\/div><div class=\"dt-sc-content-button\"><a class=\"dt-sc-button\" href=\"https:\/\/hotellev.tek05.com\/en\/dt_room_amenity\/free-high-speed-wifi\/\">Read More<\/a><\/div>  <div class=\"dt-sc-amenity-item-inner\"><div class=\"dt-sc-content-title\"><h4 class=\"dt-sc-amenity-title\"><a href=\"https:\/\/hotellev.tek05.com\/en\/dt_room_amenity\/free-high-speed-wifi\/\" title=\"Free WiFi\">Free WiFi<\/a><\/h4><\/div><div class=\"dt-content-container\"><p>Ullamcorper iaculis efficitur tellus ullamcorper feugiat turpis; maximus ex.tristique condimentum pretium mus.<\/p>\n<\/div><\/div><\/div><div class=\"dt-sc-amenity-item type1\"><div class=\"dt-sc-amenity-image\"><img decoding=\"async\" src=\"https:\/\/hotellev.tek05.com\/wp-content\/uploads\/2025\/01\/amenities-1-04.jpg\" alt=\"Grocery Shop Near Image\"><\/div><div class=\"dt-sc-content-button\"><a class=\"dt-sc-button\" href=\"https:\/\/hotellev.tek05.com\/en\/dt_room_amenity\/grocery-shop-near\/\">Read More<\/a><\/div>  <div class=\"dt-sc-amenity-item-inner\"><div class=\"dt-sc-content-title\"><h4 class=\"dt-sc-amenity-title\"><a href=\"https:\/\/hotellev.tek05.com\/en\/dt_room_amenity\/grocery-shop-near\/\" title=\"Grocery Shop Near\">Grocery Shop Near<\/a><\/h4><\/div><div class=\"dt-content-container\"><p>Pretium laoreet magna amet in ridiculus. Mattis id iaculis at; nunc maximus semper malesuada eget rutrum dignissim.<\/p>\n<\/div><\/div><\/div><div class=\"dt-sc-amenity-item type1\"><div class=\"dt-sc-amenity-image\"><img decoding=\"async\" src=\"https:\/\/place-hold.it\/1000x1000&text=Hotelov\u00e1 kaviare\u0148\" alt=\"Hotelov\u00e1 kaviare\u0148 Image\"><\/div><div class=\"dt-sc-content-button\"><a class=\"dt-sc-button\" href=\"https:\/\/hotellev.tek05.com\/en\/dt_room_amenity\/hotelova-kaviaren\/\">Read More<\/a><\/div>  <div class=\"dt-sc-amenity-item-inner\"><div class=\"dt-sc-content-title\"><h4 class=\"dt-sc-amenity-title\"><a href=\"https:\/\/hotellev.tek05.com\/en\/dt_room_amenity\/hotelova-kaviaren\/\" title=\"Hotelov\u00e1 kaviare\u0148\">Hotelov\u00e1 kaviare\u0148<\/a><\/h4><\/div><\/div><\/div><div class=\"dt-sc-amenity-item type1\"><div class=\"dt-sc-amenity-image\"><img decoding=\"async\" src=\"https:\/\/place-hold.it\/1000x1000&text=Hotelov\u00e1 re\u0161taur\u00e1cia\" alt=\"Hotelov\u00e1 re\u0161taur\u00e1cia Image\"><\/div><div class=\"dt-sc-content-button\"><a class=\"dt-sc-button\" href=\"https:\/\/hotellev.tek05.com\/en\/dt_room_amenity\/hotelova-restauracia\/\">Read More<\/a><\/div>  <div class=\"dt-sc-amenity-item-inner\"><div class=\"dt-sc-content-title\"><h4 class=\"dt-sc-amenity-title\"><a href=\"https:\/\/hotellev.tek05.com\/en\/dt_room_amenity\/hotelova-restauracia\/\" title=\"Hotelov\u00e1 re\u0161taur\u00e1cia\">Hotelov\u00e1 re\u0161taur\u00e1cia<\/a><\/h4><\/div><\/div><\/div><div class=\"dt-sc-amenity-item type1\"><div class=\"dt-sc-amenity-image\"><img decoding=\"async\" src=\"https:\/\/hotellev.tek05.com\/wp-content\/uploads\/2025\/01\/amenities-1-02.jpg\" alt=\"Jednol\u00f4\u017ekov\u00e1 poste\u013e Image\"><\/div><div class=\"dt-sc-content-button\"><a class=\"dt-sc-button\" href=\"https:\/\/hotellev.tek05.com\/en\/dt_room_amenity\/double-bed\/\">Read More<\/a><\/div>  <div class=\"dt-sc-amenity-item-inner\"><div class=\"dt-sc-content-title\"><h4 class=\"dt-sc-amenity-title\"><a href=\"https:\/\/hotellev.tek05.com\/en\/dt_room_amenity\/double-bed\/\" title=\"Jednol\u00f4\u017ekov\u00e1 poste\u013e\">Jednol\u00f4\u017ekov\u00e1 poste\u013e<\/a><\/h4><\/div><div class=\"dt-content-container\"><p>Bibendum duis scelerisque velit curabitur nibh dui conubia nascetur.Hac eget fringilla risus cras sollicitudin libero.<\/p>\n<\/div><\/div><\/div><div class=\"dt-sc-amenity-item type1\"><div class=\"dt-sc-amenity-image\"><img decoding=\"async\" src=\"https:\/\/hotellev.tek05.com\/wp-content\/uploads\/2024\/12\/Tz-amenity-3.jpg\" alt=\"Outdoor pool Image\"><\/div><div class=\"dt-sc-content-button\"><a class=\"dt-sc-button\" href=\"https:\/\/hotellev.tek05.com\/en\/dt_room_amenity\/outdoor-pool\/\">Read More<\/a><\/div>  <div class=\"dt-sc-amenity-item-inner\"><div class=\"dt-sc-content-title\"><h4 class=\"dt-sc-amenity-title\"><a href=\"https:\/\/hotellev.tek05.com\/en\/dt_room_amenity\/outdoor-pool\/\" title=\"Outdoor pool\">Outdoor pool<\/a><\/h4><\/div><div class=\"dt-content-container\"><p>Proin himenaeos nec tempus finibus rutrum. Habitasse egestas eget commodo parturient placerat accumsan.<\/p>\n<\/div><\/div><\/div><div class=\"dt-sc-amenity-item type1\"><div class=\"dt-sc-amenity-image\"><img decoding=\"async\" src=\"https:\/\/hotellev.tek05.com\/wp-content\/uploads\/2025\/01\/amenities-1-03.jpg\" alt=\"Parkovanie Image\"><\/div><div class=\"dt-sc-content-button\"><a class=\"dt-sc-button\" href=\"https:\/\/hotellev.tek05.com\/en\/dt_room_amenity\/car-parking\/\">Read More<\/a><\/div>  <div class=\"dt-sc-amenity-item-inner\"><div class=\"dt-sc-content-title\"><h4 class=\"dt-sc-amenity-title\"><a href=\"https:\/\/hotellev.tek05.com\/en\/dt_room_amenity\/car-parking\/\" title=\"Parkovanie\">Parkovanie<\/a><\/h4><\/div><div class=\"dt-content-container\"><p>Porttitor mollis imperdiet ultrices gravida adipiscing facilisis et luctus. id sit dui primis pellentesque porta natoque.<\/p>\n<\/div><\/div><\/div><div class=\"dt-sc-amenity-item type1\"><div class=\"dt-sc-amenity-image\"><img decoding=\"async\" src=\"https:\/\/hotellev.tek05.com\/wp-content\/uploads\/2025\/01\/amenities-1-06.jpg\" alt=\"S\u00fakromn\u00e1 k\u00fape\u013e\u0148a Image\"><\/div><div class=\"dt-sc-content-button\"><a class=\"dt-sc-button\" href=\"https:\/\/hotellev.tek05.com\/en\/dt_room_amenity\/bath\/\">Read More<\/a><\/div>  <div class=\"dt-sc-amenity-item-inner\"><div class=\"dt-sc-content-title\"><h4 class=\"dt-sc-amenity-title\"><a href=\"https:\/\/hotellev.tek05.com\/en\/dt_room_amenity\/bath\/\" title=\"S\u00fakromn\u00e1 k\u00fape\u013e\u0148a\">S\u00fakromn\u00e1 k\u00fape\u013e\u0148a<\/a><\/h4><\/div><div class=\"dt-content-container\"><p>Maximus purus in maecenas hendrerit mi gravida vel. Erat ligula per amet; sollicitudin lacinia viverra himenaeos.<\/p>\n<\/div><\/div><\/div><div class=\"dt-sc-amenity-item type1\"><div class=\"dt-sc-amenity-image\"><img decoding=\"async\" src=\"https:\/\/hotellev.tek05.com\/wp-content\/uploads\/2024\/12\/Tz-amenity-4.jpg\" alt=\"Wellness Image\"><\/div><div class=\"dt-sc-content-button\"><a class=\"dt-sc-button\" href=\"https:\/\/hotellev.tek05.com\/en\/dt_room_amenity\/spa-massage\/\">Read More<\/a><\/div>  <div class=\"dt-sc-amenity-item-inner\"><div class=\"dt-sc-content-title\"><h4 class=\"dt-sc-amenity-title\"><a href=\"https:\/\/hotellev.tek05.com\/en\/dt_room_amenity\/spa-massage\/\" title=\"Wellness\">Wellness<\/a><\/h4><\/div><div class=\"dt-content-container\"><p>Leo tempus potenti primis lacus velit morbi. Luctus egestas suscipit massa magnis aliquet vestibulum  dictum.<\/p>\n<\/div><\/div><\/div><\/div>\t\t\t\t<\/div>\n\t\t\t\t<\/div>\n\t\t\t\t\t<\/div>\n\t\t<\/div>\n\t\t\t\t\t<\/div>\n\t\t<\/section>\n\t\t\t\t<\/div>","protected":false},"excerpt":{"rendered":"<p>Read More Bath Maximus purus in maecenas hendrerit mi gravida vel. Erat ligula per amet; sollicitudin lacinia viverra himenaeos. Read More Car Parking Porttitor mollis imperdiet ultrices gravida adipiscing facilisis et luctus. id sit dui primis pellentesque porta natoque. Read More Cleaning Accumsan habitant tellus conubia neque posuere lacinia augue semper. Aliquet porttitor magnis a [&hellip;]<\/p>","protected":false},"author":1,"featured_media":0,"parent":0,"menu_order":0,"comment_status":"closed","ping_status":"closed","template":"elementor_header_footer","meta":{"footnotes":""},"class_list":["post-288","page","type-page","status-publish","hentry"],"_links":{"self":[{"href":"https:\/\/hotellev.tek05.com\/en\/wp-json\/wp\/v2\/pages\/288","targetHints":{"allow":["GET"]}}],"collection":[{"href":"https:\/\/hotellev.tek05.com\/en\/wp-json\/wp\/v2\/pages"}],"about":[{"href":"https:\/\/hotellev.tek05.com\/en\/wp-json\/wp\/v2\/types\/page"}],"author":[{"embeddable":true,"href":"https:\/\/hotellev.tek05.com\/en\/wp-json\/wp\/v2\/users\/1"}],"replies":[{"embeddable":true,"href":"https:\/\/hotellev.tek05.com\/en\/wp-json\/wp\/v2\/comments?post=288"}],"version-history":[{"count":0,"href":"https:\/\/hotellev.tek05.com\/en\/wp-json\/wp\/v2\/pages\/288\/revisions"}],"wp:attachment":[{"href":"https:\/\/hotellev.tek05.com\/en\/wp-json\/wp\/v2\/media?parent=288"}],"curies":[{"name":"wp","href":"https:\/\/api.w.org\/{rel}","templated":true}]}}